{"id":132,"date":"2018-10-18T15:52:44","date_gmt":"2018-10-18T15:52:44","guid":{"rendered":"https:\/\/www.mgv.de\/de\/?page_id=132"},"modified":"2018-10-29T17:07:56","modified_gmt":"2018-10-29T17:07:56","slug":"turbo-power-ph1013","status":"publish","type":"page","link":"https:\/\/www.mgv.de\/de\/turbo-power-ph1013\/","title":{"rendered":"Turbo Power PH1013"},"content":{"rendered":"<div id='layer_slider_1'  class='avia-layerslider main_color avia-shadow  avia-builder-el-0  el_before_av_one_full  avia-builder-el-first  container_wrap fullsize'  style='height: 272px;'  ><\/div><div id='after_layer_slider_1'  class='main_color av_default_container_wrap container_wrap fullsize'  ><div class='container av-section-cont-open' ><div class='template-page content  av-content-full alpha units'><div class='post-entry post-entry-type-page post-entry-132'><div class='entry-content-wrapper clearfix'>\n\n<style type=\"text\/css\" data-created_by=\"avia_inline_auto\" id=\"style-css-av-3da3-b33b01c9f73df4f3613ab007b2302ad2\">\n.flex_column.av-3da3-b33b01c9f73df4f3613ab007b2302ad2{\n-webkit-border-radius:0px 0px 0px 0px;\n-moz-border-radius:0px 0px 0px 0px;\nborder-radius:0px 0px 0px 0px;\npadding:0px 0px 0px 0px;\n}\n<\/style>\n<div class='flex_column av-3da3-b33b01c9f73df4f3613ab007b2302ad2 av_one_full  avia-builder-el-1  el_after_av_layerslider  el_before_av_one_third  avia-builder-el-first  first flex_column_div av-zero-column-padding '     ><section  class='av_textblock_section av-jneglox4-ab0cdc6eaaeb049f850eb5d6ea287ee0'  itemscope=\"itemscope\" itemtype=\"https:\/\/schema.org\/CreativeWork\" ><div class='avia_textblock'  itemprop=\"text\" ><h3>Turbo Power bis 80A f\u00fcr 2s<\/h3>\n<\/div><\/section><br \/>\n<div  class='hr av-jnegpvui-ed25bf715551f6e81073cdb81e1aeb2d hr-short  avia-builder-el-3  el_after_av_textblock  avia-builder-el-last  hr-left'><span class='hr-inner '><span class=\"hr-inner-style\"><\/span><\/span><\/div><\/p><\/div><div class='flex_column_table av-jnegrvj3-0ff2d2f8252cd65bd6990bcb88412b80 sc-av_one_third av-equal-height-column-flextable'>\n<style type=\"text\/css\" data-created_by=\"avia_inline_auto\" id=\"style-css-av-jnegrvj3-0ff2d2f8252cd65bd6990bcb88412b80\">\n.flex_column.av-jnegrvj3-0ff2d2f8252cd65bd6990bcb88412b80{\n-webkit-border-radius:0px 0px 0px 0px;\n-moz-border-radius:0px 0px 0px 0px;\nborder-radius:0px 0px 0px 0px;\npadding:0px 0px 0px 0px;\n}\n<\/style>\n<div class='flex_column av-jnegrvj3-0ff2d2f8252cd65bd6990bcb88412b80 av_one_third  avia-builder-el-4  el_after_av_one_full  el_before_av_two_third  first no_margin flex_column_table_cell av-equal-height-column av-align-top av-zero-column-padding column-top-margin'     ><style type=\"text\/css\" data-created_by=\"avia_inline_auto\" id=\"style-css-av-jnegrazq-29e9f9d7da028b2e58b955ee1a260b52\">\n.avia-image-container.av-jnegrazq-29e9f9d7da028b2e58b955ee1a260b52 img.avia_image{\nbox-shadow:none;\n}\n.avia-image-container.av-jnegrazq-29e9f9d7da028b2e58b955ee1a260b52 .av-image-caption-overlay-center{\ncolor:#ffffff;\n}\n<\/style>\n<div  class='avia-image-container av-jnegrazq-29e9f9d7da028b2e58b955ee1a260b52 av-styling- avia-align-left  avia-builder-el-5  avia-builder-el-no-sibling '   itemprop=\"image\" itemscope=\"itemscope\" itemtype=\"https:\/\/schema.org\/ImageObject\" ><div class=\"avia-image-container-inner\"><div class=\"avia-image-overlay-wrap\"><img class='wp-image-315 avia-img-lazy-loading-not-315 avia_image ' src='https:\/\/www.mgv.de\/de\/wp-content\/uploads\/f2-9.jpg' alt='' title='mgv'  height=\"177\" width=\"252\"  itemprop=\"thumbnailUrl\"  \/><\/div><\/div><\/div><\/div><\/p>\n\n<style type=\"text\/css\" data-created_by=\"avia_inline_auto\" id=\"style-css-av-jnegrvj3-016d089af457856a0151b3eb163ed53c\">\n.flex_column.av-jnegrvj3-016d089af457856a0151b3eb163ed53c{\n-webkit-border-radius:0px 0px 0px 0px;\n-moz-border-radius:0px 0px 0px 0px;\nborder-radius:0px 0px 0px 0px;\npadding:0px 0px 0px 0px;\n}\n<\/style>\n<div class='flex_column av-jnegrvj3-016d089af457856a0151b3eb163ed53c av_two_third  avia-builder-el-6  el_after_av_one_third  el_before_av_hr  no_margin flex_column_table_cell av-equal-height-column av-align-top av-zero-column-padding column-top-margin'     ><p><section  class='av_textblock_section av-jnegtikq-9db2f7daf6df9d2e9c0bd6205c16c434'  itemscope=\"itemscope\" itemtype=\"https:\/\/schema.org\/CreativeWork\" ><div class='avia_textblock'  itemprop=\"text\" ><p><strong>1000W Netzteil PH1013 im Rugged Design<\/strong><br \/>\nMit den Abmessungen von nur 150x160x127mm (bxhxt) gewinnen Sie viel Platz und Flexibilit\u00e4t im Schaltschrank. Die robuste Kompaktserie f\u00fcr die gesamte Bandbreite der Industrieanwendungen ist in jeder Einbaulage betriebsf\u00e4hig. Durch den Advanced Power Boost kann das PH1013 extrem belastet werden &#8211; sowohl im Anlauf als auch im laufenden Betrieb. Zudem wird das Ausl\u00f6sen von Sicherungen vereinfacht.<\/p>\n<\/div><\/section><br \/>\n\n<style type=\"text\/css\" data-created_by=\"avia_inline_auto\" id=\"style-css-av-jnegtikq-20ea269f4d9a3e29bc685a251f40cab7\">\n#top .av_textblock_section.av-jnegtikq-20ea269f4d9a3e29bc685a251f40cab7 .avia_textblock{\ncolor:#017655;\n}\n<\/style>\n<section  class='av_textblock_section av-jnegtikq-20ea269f4d9a3e29bc685a251f40cab7'  itemscope=\"itemscope\" itemtype=\"https:\/\/schema.org\/CreativeWork\" ><div class='avia_textblock av_inherit_color'  itemprop=\"text\" ><p><strong>PH1013-2440<\/strong><\/p>\n<\/div><\/section><br \/>\n<section  class='av_textblock_section av-jnegtikq-39abfa2cacfbde72011bfb0069f48c83'  itemscope=\"itemscope\" itemtype=\"https:\/\/schema.org\/CreativeWork\" ><div class='avia_textblock av_inherit_color'  itemprop=\"text\" ><ul>\n<li>Eingang: 3&#215;340-550VAC<\/li>\n<li>Ausgang: 24V \/ 40A<\/li>\n<li>Advanced Power Boost bis 80A f\u00fcr 2s<\/li>\n<li>Kompakt: 150x160x127mm<\/li>\n<li>Schutz- und Sicherheitseinrichtungen<\/li>\n<\/ul>\n<\/div><\/section><br \/>\n<div  class='avia-button-wrap av-jnfuk2tu-42fd000f7029853e6811407ab8ed452b-wrap avia-button-left  avia-builder-el-10  el_after_av_textblock  avia-builder-el-last '>\n<style type=\"text\/css\" data-created_by=\"avia_inline_auto\" id=\"style-css-av-jnfuk2tu-42fd000f7029853e6811407ab8ed452b\">\n#top #wrap_all .avia-button.av-jnfuk2tu-42fd000f7029853e6811407ab8ed452b{\nbackground-color:#017655;\nborder-color:#017655;\ncolor:#ffffff;\n-webkit-transition:all 0.4s ease-in-out;\n-moz-transition:all 0.4s ease-in-out;\n-ms-transition:all 0.4s ease-in-out;\n-o-transition:all 0.4s ease-in-out;\ntransition:all 0.4s ease-in-out;\n}\n<\/style>\n<a href='https:\/\/www.mgv.de\/de\/wp-content\/uploads\/PH1013_d.pdf'  class='avia-button av-jnfuk2tu-42fd000f7029853e6811407ab8ed452b avia-icon_select-no avia-size-medium avia-position-left'  target=\"_blank\"  rel=\"noopener noreferrer\" ><span class='avia_iconbox_title' >Technisches Datenblatt<\/span><\/a><\/div><\/p><\/div><\/div><!--close column table wrapper. Autoclose: 1 -->\n<style type=\"text\/css\" data-created_by=\"avia_inline_auto\" id=\"style-css-av-jneqkf2z-cf6587c9667d1e1117d162b199ea704b\">\n#top .hr.hr-invisible.av-jneqkf2z-cf6587c9667d1e1117d162b199ea704b{\nheight:40px;\n}\n<\/style>\n<div  class='hr av-jneqkf2z-cf6587c9667d1e1117d162b199ea704b hr-invisible  avia-builder-el-11  el_after_av_two_third  avia-builder-el-last '><span class='hr-inner '><span class=\"hr-inner-style\"><\/span><\/span><\/div><\/p>\n","protected":false},"excerpt":{"rendered":"","protected":false},"author":1,"featured_media":0,"parent":0,"menu_order":0,"comment_status":"closed","ping_status":"closed","template":"","meta":[],"_links":{"self":[{"href":"https:\/\/www.mgv.de\/de\/wp-json\/wp\/v2\/pages\/132"}],"collection":[{"href":"https:\/\/www.mgv.de\/de\/wp-json\/wp\/v2\/pages"}],"about":[{"href":"https:\/\/www.mgv.de\/de\/wp-json\/wp\/v2\/types\/page"}],"author":[{"embeddable":true,"href":"https:\/\/www.mgv.de\/de\/wp-json\/wp\/v2\/users\/1"}],"replies":[{"embeddable":true,"href":"https:\/\/www.mgv.de\/de\/wp-json\/wp\/v2\/comments?post=132"}],"version-history":[{"count":13,"href":"https:\/\/www.mgv.de\/de\/wp-json\/wp\/v2\/pages\/132\/revisions"}],"predecessor-version":[{"id":907,"href":"https:\/\/www.mgv.de\/de\/wp-json\/wp\/v2\/pages\/132\/revisions\/907"}],"wp:attachment":[{"href":"https:\/\/www.mgv.de\/de\/wp-json\/wp\/v2\/media?parent=132"}],"curies":[{"name":"wp","href":"https:\/\/api.w.org\/{rel}","templated":true}]}}