{"id":136,"date":"2018-10-18T15:53:04","date_gmt":"2018-10-18T15:53:04","guid":{"rendered":"https:\/\/www.mgv.de\/de\/?page_id=136"},"modified":"2018-11-19T10:17:47","modified_gmt":"2018-11-19T10:17:47","slug":"schaltreglerprinzipien","status":"publish","type":"page","link":"https:\/\/www.mgv.de\/de\/schaltreglerprinzipien\/","title":{"rendered":"Schaltreglerprinzipien"},"content":{"rendered":"<div id='layer_slider_1'  class='avia-layerslider main_color avia-shadow  avia-builder-el-0  el_before_av_one_full  avia-builder-el-first  container_wrap fullsize'  style='height: 272px;'  ><\/div><div id='after_layer_slider_1'  class='main_color av_default_container_wrap container_wrap fullsize'  ><div class='container av-section-cont-open' ><div class='template-page content  av-content-full alpha units'><div class='post-entry post-entry-type-page post-entry-136'><div class='entry-content-wrapper clearfix'>\n\n<style type=\"text\/css\" data-created_by=\"avia_inline_auto\" id=\"style-css-av-3da3-b33b01c9f73df4f3613ab007b2302ad2\">\n.flex_column.av-3da3-b33b01c9f73df4f3613ab007b2302ad2{\n-webkit-border-radius:0px 0px 0px 0px;\n-moz-border-radius:0px 0px 0px 0px;\nborder-radius:0px 0px 0px 0px;\npadding:0px 0px 0px 0px;\n}\n<\/style>\n<div class='flex_column av-3da3-b33b01c9f73df4f3613ab007b2302ad2 av_one_full  avia-builder-el-1  el_after_av_layerslider  el_before_av_one_third  avia-builder-el-first  first flex_column_div av-zero-column-padding '     ><section  class='av_textblock_section av-jneglox4-ab0cdc6eaaeb049f850eb5d6ea287ee0'  itemscope=\"itemscope\" itemtype=\"https:\/\/schema.org\/CreativeWork\" ><div class='avia_textblock'  itemprop=\"text\" ><h3><span class=\"fontstyle0\">Schaltreglerprinzipien<\/span><\/h3>\n<\/div><\/section><br \/>\n<div  class='hr av-jnegpvui-ed25bf715551f6e81073cdb81e1aeb2d hr-short  avia-builder-el-3  el_after_av_textblock  avia-builder-el-last  hr-left'><span class='hr-inner '><span class=\"hr-inner-style\"><\/span><\/span><\/div><\/p><\/div>\n<div class='flex_column_table av-jnltx7xe-60644003e097cd2b3db89d9353994564 sc-av_one_third av-equal-height-column-flextable'>\n<style type=\"text\/css\" data-created_by=\"avia_inline_auto\" id=\"style-css-av-jnltx7xe-60644003e097cd2b3db89d9353994564\">\n.flex_column.av-jnltx7xe-60644003e097cd2b3db89d9353994564{\n-webkit-border-radius:0px 0px 0px 0px;\n-moz-border-radius:0px 0px 0px 0px;\nborder-radius:0px 0px 0px 0px;\npadding:25px 25px 25px 25px;\nbackground-color:#f2f8f6;\n}\n<\/style>\n<div class='flex_column av-jnltx7xe-60644003e097cd2b3db89d9353994564 av_one_third  avia-builder-el-4  el_after_av_one_full  el_before_av_one_half  first no_margin flex_column_table_cell av-equal-height-column av-align-top column-top-margin'     ><p>\n<style type=\"text\/css\" data-created_by=\"avia_inline_auto\" id=\"style-css-av-jnegtikq-20ea269f4d9a3e29bc685a251f40cab7\">\n#top .av_textblock_section.av-jnegtikq-20ea269f4d9a3e29bc685a251f40cab7 .avia_textblock{\ncolor:#017655;\n}\n<\/style>\n<section  class='av_textblock_section av-jnegtikq-20ea269f4d9a3e29bc685a251f40cab7'  itemscope=\"itemscope\" itemtype=\"https:\/\/schema.org\/CreativeWork\" ><div class='avia_textblock av_inherit_color'  itemprop=\"text\" ><p><strong>1. Eingang <\/strong><\/p>\n<\/div><\/section><br \/>\n<section  class='av_textblock_section av-jnegtikq-9db2f7daf6df9d2e9c0bd6205c16c434'  itemscope=\"itemscope\" itemtype=\"https:\/\/schema.org\/CreativeWork\" ><div class='avia_textblock'  itemprop=\"text\" ><ul>\n<li>PFC, passiv und aktiv<\/li>\n<\/ul>\n<\/div><\/section><br \/>\n\n<style type=\"text\/css\" data-created_by=\"avia_inline_auto\" id=\"style-css-av-jnlu0iex-79ca39f56300b0736425ab3b8a2dffd4\">\n#top .hr.av-jnlu0iex-79ca39f56300b0736425ab3b8a2dffd4{\nmargin-top:0px;\nmargin-bottom:0px;\n}\n.hr.av-jnlu0iex-79ca39f56300b0736425ab3b8a2dffd4 .hr-inner{\nwidth:150px;\nborder-color:#b5b5b5;\n}\n<\/style>\n<div  class='hr av-jnlu0iex-79ca39f56300b0736425ab3b8a2dffd4 hr-custom  avia-builder-el-7  el_after_av_textblock  el_before_av_textblock  hr-left hr-icon-no'><span class='hr-inner inner-border-av-border-thin'><span class=\"hr-inner-style\"><\/span><\/span><\/div><br \/>\n\n<style type=\"text\/css\" data-created_by=\"avia_inline_auto\" id=\"style-css-av-jnegtikq-20ea269f4d9a3e29bc685a251f40cab7\">\n#top .av_textblock_section.av-jnegtikq-20ea269f4d9a3e29bc685a251f40cab7 .avia_textblock{\ncolor:#017655;\n}\n<\/style>\n<section  class='av_textblock_section av-jnegtikq-20ea269f4d9a3e29bc685a251f40cab7'  itemscope=\"itemscope\" itemtype=\"https:\/\/schema.org\/CreativeWork\" ><div class='avia_textblock av_inherit_color'  itemprop=\"text\" ><p><strong>2. Wandler<\/strong><\/p>\n<\/div><\/section><br \/>\n<section  class='av_textblock_section av-jnegtikq-9db2f7daf6df9d2e9c0bd6205c16c434'  itemscope=\"itemscope\" itemtype=\"https:\/\/schema.org\/CreativeWork\" ><div class='avia_textblock'  itemprop=\"text\" ><ul>\n<li>Sperrwandler<\/li>\n<li>Eintaktdurchflusswandler<\/li>\n<li>Zwei-Transistor-Durchflusswandler (= asymmetrische Halbbr\u00fccke, Halbbr\u00fccken-Durchflusswandler)<\/li>\n<li>Gegentakt-Wandler<\/li>\n<li>Phaseshift-Wandler<\/li>\n<li>Spannungsgespeister Gegentakt-Wandler (stromgespeister Gegentakt-Wandler)<\/li>\n<li>Geregelter Resonanz-Wandler (LLC)<\/li>\n<li>Ungeregelter Resonanz-Wandler<\/li>\n<\/ul>\n<\/div><\/section><br \/>\n\n<style type=\"text\/css\" data-created_by=\"avia_inline_auto\" id=\"style-css-av-jnlu0iex-79ca39f56300b0736425ab3b8a2dffd4\">\n#top .hr.av-jnlu0iex-79ca39f56300b0736425ab3b8a2dffd4{\nmargin-top:0px;\nmargin-bottom:0px;\n}\n.hr.av-jnlu0iex-79ca39f56300b0736425ab3b8a2dffd4 .hr-inner{\nwidth:150px;\nborder-color:#b5b5b5;\n}\n<\/style>\n<div  class='hr av-jnlu0iex-79ca39f56300b0736425ab3b8a2dffd4 hr-custom  avia-builder-el-10  el_after_av_textblock  el_before_av_textblock  hr-left hr-icon-no'><span class='hr-inner inner-border-av-border-thin'><span class=\"hr-inner-style\"><\/span><\/span><\/div><br \/>\n\n<style type=\"text\/css\" data-created_by=\"avia_inline_auto\" id=\"style-css-av-jnegtikq-20ea269f4d9a3e29bc685a251f40cab7\">\n#top .av_textblock_section.av-jnegtikq-20ea269f4d9a3e29bc685a251f40cab7 .avia_textblock{\ncolor:#017655;\n}\n<\/style>\n<section  class='av_textblock_section av-jnegtikq-20ea269f4d9a3e29bc685a251f40cab7'  itemscope=\"itemscope\" itemtype=\"https:\/\/schema.org\/CreativeWork\" ><div class='avia_textblock av_inherit_color'  itemprop=\"text\" ><p><strong>3. Sekund\u00e4re Regler (post-regulator)<\/strong><\/p>\n<\/div><\/section><br \/>\n<section  class='av_textblock_section av-jnegtikq-9db2f7daf6df9d2e9c0bd6205c16c434'  itemscope=\"itemscope\" itemtype=\"https:\/\/schema.org\/CreativeWork\" ><div class='avia_textblock'  itemprop=\"text\" ><ul>\n<li>Aufw\u00e4rtswandler (boost converter)<\/li>\n<li>Abw\u00e4rtswandler (buck converter)<\/li>\n<li>Synchron-Abw\u00e4rtswandler<\/li>\n<li>Transduktor-Regler<\/li>\n<\/ul>\n<\/div><\/section><\/p><\/div>\n<style type=\"text\/css\" data-created_by=\"avia_inline_auto\" id=\"style-css-av-jng4321g-17d75aa742dd0d8a21ff459b8bf77a9a\">\n.flex_column.av-jng4321g-17d75aa742dd0d8a21ff459b8bf77a9a{\n-webkit-border-radius:0px 0px 0px 0px;\n-moz-border-radius:0px 0px 0px 0px;\nborder-radius:0px 0px 0px 0px;\npadding:25px 25px 25px 25px;\nbackground-color:#f2f8f6;\n}\n<\/style>\n<div class='flex_column av-jng4321g-17d75aa742dd0d8a21ff459b8bf77a9a av_one_half  avia-builder-el-13  el_after_av_one_third  avia-builder-el-last  no_margin flex_column_table_cell av-equal-height-column av-align-top column-top-margin'     ><p>\n<style type=\"text\/css\" data-created_by=\"avia_inline_auto\" id=\"style-css-av-jnegtikq-20ea269f4d9a3e29bc685a251f40cab7\">\n#top .av_textblock_section.av-jnegtikq-20ea269f4d9a3e29bc685a251f40cab7 .avia_textblock{\ncolor:#017655;\n}\n<\/style>\n<section  class='av_textblock_section av-jnegtikq-20ea269f4d9a3e29bc685a251f40cab7'  itemscope=\"itemscope\" itemtype=\"https:\/\/schema.org\/CreativeWork\" ><div class='avia_textblock av_inherit_color'  itemprop=\"text\" ><p><strong>4. Synchrongleichrichter<\/strong><\/p>\n<\/div><\/section><br \/>\n<section  class='av_textblock_section av-jnegtikq-9db2f7daf6df9d2e9c0bd6205c16c434'  itemscope=\"itemscope\" itemtype=\"https:\/\/schema.org\/CreativeWork\" ><div class='avia_textblock'  itemprop=\"text\" ><ul>\n<li>Langj\u00e4hrige Erfahrung in verschiedenen Arten der synchronen Gleichrichtung f\u00fcr h\u00f6chste Wirkungsgrade<\/li>\n<li>Erfindung spezieller transformatorloser Ansteuerungstopologien<\/li>\n<\/ul>\n<\/div><\/section><br \/>\n\n<style type=\"text\/css\" data-created_by=\"avia_inline_auto\" id=\"style-css-av-jnlu0iex-79ca39f56300b0736425ab3b8a2dffd4\">\n#top .hr.av-jnlu0iex-79ca39f56300b0736425ab3b8a2dffd4{\nmargin-top:0px;\nmargin-bottom:0px;\n}\n.hr.av-jnlu0iex-79ca39f56300b0736425ab3b8a2dffd4 .hr-inner{\nwidth:150px;\nborder-color:#b5b5b5;\n}\n<\/style>\n<div  class='hr av-jnlu0iex-79ca39f56300b0736425ab3b8a2dffd4 hr-custom  avia-builder-el-16  el_after_av_textblock  el_before_av_textblock  hr-left hr-icon-no'><span class='hr-inner inner-border-av-border-thin'><span class=\"hr-inner-style\"><\/span><\/span><\/div><br \/>\n\n<style type=\"text\/css\" data-created_by=\"avia_inline_auto\" id=\"style-css-av-jnegtikq-20ea269f4d9a3e29bc685a251f40cab7\">\n#top .av_textblock_section.av-jnegtikq-20ea269f4d9a3e29bc685a251f40cab7 .avia_textblock{\ncolor:#017655;\n}\n<\/style>\n<section  class='av_textblock_section av-jnegtikq-20ea269f4d9a3e29bc685a251f40cab7'  itemscope=\"itemscope\" itemtype=\"https:\/\/schema.org\/CreativeWork\" ><div class='avia_textblock av_inherit_color'  itemprop=\"text\" ><p><strong>5. Digitale Schaltnetzteile<\/strong><\/p>\n<\/div><\/section><br \/>\n<section  class='av_textblock_section av-jnegtikq-9db2f7daf6df9d2e9c0bd6205c16c434'  itemscope=\"itemscope\" itemtype=\"https:\/\/schema.org\/CreativeWork\" ><div class='avia_textblock'  itemprop=\"text\" ><ul>\n<li>Spezialist f\u00fcr digitale L\u00f6sungen<\/li>\n<li>Von einfachen Mikrocontrollern bis hin zu digitalen Signalprozessoren<\/li>\n<li>Einsatz bei \u00dcberwachungsfunktionen bis hin zur direkten Ansteuerung der Leistungsstufen<\/li>\n<li>Ausgefeilte Steuerungsalgorithmen werden erm\u00f6glicht<\/li>\n<li>Beispiellose Designflexibilit\u00e4t<\/li>\n<\/ul>\n<\/div><\/section><\/p><\/div><\/div><!--close column table wrapper. Autoclose: 1 --><\/p>\n","protected":false},"excerpt":{"rendered":"","protected":false},"author":1,"featured_media":0,"parent":0,"menu_order":0,"comment_status":"closed","ping_status":"closed","template":"","meta":[],"_links":{"self":[{"href":"https:\/\/www.mgv.de\/de\/wp-json\/wp\/v2\/pages\/136"}],"collection":[{"href":"https:\/\/www.mgv.de\/de\/wp-json\/wp\/v2\/pages"}],"about":[{"href":"https:\/\/www.mgv.de\/de\/wp-json\/wp\/v2\/types\/page"}],"author":[{"embeddable":true,"href":"https:\/\/www.mgv.de\/de\/wp-json\/wp\/v2\/users\/1"}],"replies":[{"embeddable":true,"href":"https:\/\/www.mgv.de\/de\/wp-json\/wp\/v2\/comments?post=136"}],"version-history":[{"count":18,"href":"https:\/\/www.mgv.de\/de\/wp-json\/wp\/v2\/pages\/136\/revisions"}],"predecessor-version":[{"id":1015,"href":"https:\/\/www.mgv.de\/de\/wp-json\/wp\/v2\/pages\/136\/revisions\/1015"}],"wp:attachment":[{"href":"https:\/\/www.mgv.de\/de\/wp-json\/wp\/v2\/media?parent=136"}],"curies":[{"name":"wp","href":"https:\/\/api.w.org\/{rel}","templated":true}]}}