{"id":138,"date":"2018-10-18T15:53:12","date_gmt":"2018-10-18T15:53:12","guid":{"rendered":"https:\/\/www.mgv.de\/de\/?page_id=138"},"modified":"2018-11-19T11:41:50","modified_gmt":"2018-11-19T11:41:50","slug":"mikrocontroller","status":"publish","type":"page","link":"https:\/\/www.mgv.de\/de\/mikrocontroller\/","title":{"rendered":"Mikrocontroller"},"content":{"rendered":"<div id='layer_slider_1'  class='avia-layerslider main_color avia-shadow  avia-builder-el-0  el_before_av_one_full  avia-builder-el-first  container_wrap fullsize'  style='height: 272px;'  ><\/div><div id='after_layer_slider_1'  class='main_color av_default_container_wrap container_wrap fullsize'  ><div class='container av-section-cont-open' ><div class='template-page content  av-content-full alpha units'><div class='post-entry post-entry-type-page post-entry-138'><div class='entry-content-wrapper clearfix'>\n\n<style type=\"text\/css\" data-created_by=\"avia_inline_auto\" id=\"style-css-av-3da3-b33b01c9f73df4f3613ab007b2302ad2\">\n.flex_column.av-3da3-b33b01c9f73df4f3613ab007b2302ad2{\n-webkit-border-radius:0px 0px 0px 0px;\n-moz-border-radius:0px 0px 0px 0px;\nborder-radius:0px 0px 0px 0px;\npadding:0px 0px 0px 0px;\n}\n<\/style>\n<div class='flex_column av-3da3-b33b01c9f73df4f3613ab007b2302ad2 av_one_full  avia-builder-el-1  el_after_av_layerslider  el_before_av_one_fourth  avia-builder-el-first  first flex_column_div av-zero-column-padding '     ><section  class='av_textblock_section av-jneglox4-ab0cdc6eaaeb049f850eb5d6ea287ee0'  itemscope=\"itemscope\" itemtype=\"https:\/\/schema.org\/CreativeWork\" ><div class='avia_textblock'  itemprop=\"text\" ><h3>Microcontroller<\/h3>\n<\/div><\/section><br \/>\n<div  class='hr av-jnegpvui-ed25bf715551f6e81073cdb81e1aeb2d hr-short  avia-builder-el-3  el_after_av_textblock  avia-builder-el-last  hr-left'><span class='hr-inner '><span class=\"hr-inner-style\"><\/span><\/span><\/div><\/p><\/div>\n<div class='flex_column_table av-jnegrvj3-0ff2d2f8252cd65bd6990bcb88412b80 sc-av_one_fourth av-equal-height-column-flextable'>\n<style type=\"text\/css\" data-created_by=\"avia_inline_auto\" id=\"style-css-av-jnegrvj3-0ff2d2f8252cd65bd6990bcb88412b80\">\n.flex_column.av-jnegrvj3-0ff2d2f8252cd65bd6990bcb88412b80{\n-webkit-border-radius:0px 0px 0px 0px;\n-moz-border-radius:0px 0px 0px 0px;\nborder-radius:0px 0px 0px 0px;\npadding:0px 0px 0px 0px;\n}\n<\/style>\n<div class='flex_column av-jnegrvj3-0ff2d2f8252cd65bd6990bcb88412b80 av_one_fourth  avia-builder-el-4  el_after_av_one_full  el_before_av_three_fourth  first no_margin flex_column_table_cell av-equal-height-column av-align-top av-zero-column-padding column-top-margin'     ><style type=\"text\/css\" data-created_by=\"avia_inline_auto\" id=\"style-css-av-jnegrazq-9827157a0c2b6d807f634c1ef31f17e9\">\n.avia-image-container.av-jnegrazq-9827157a0c2b6d807f634c1ef31f17e9 img.avia_image{\nbox-shadow:none;\n}\n.avia-image-container.av-jnegrazq-9827157a0c2b6d807f634c1ef31f17e9 .av-image-caption-overlay-center{\ncolor:#ffffff;\n}\n<\/style>\n<div  class='avia-image-container av-jnegrazq-9827157a0c2b6d807f634c1ef31f17e9 av-styling- avia-align-left  avia-builder-el-5  avia-builder-el-no-sibling '   itemprop=\"image\" itemscope=\"itemscope\" itemtype=\"https:\/\/schema.org\/ImageObject\" ><div class=\"avia-image-container-inner\"><div class=\"avia-image-overlay-wrap\"><img class='wp-image-334 avia-img-lazy-loading-not-334 avia_image ' src='https:\/\/www.mgv.de\/de\/wp-content\/uploads\/f2-11.jpg' alt='' title='mgv'  height=\"177\" width=\"252\"  itemprop=\"thumbnailUrl\"  \/><\/div><\/div><\/div><\/div>\n\n<style type=\"text\/css\" data-created_by=\"avia_inline_auto\" id=\"style-css-av-jnegrvj3-016d089af457856a0151b3eb163ed53c\">\n.flex_column.av-jnegrvj3-016d089af457856a0151b3eb163ed53c{\n-webkit-border-radius:0px 0px 0px 0px;\n-moz-border-radius:0px 0px 0px 0px;\nborder-radius:0px 0px 0px 0px;\npadding:0px 0px 0px 0px;\n}\n<\/style>\n<div class='flex_column av-jnegrvj3-016d089af457856a0151b3eb163ed53c av_three_fourth  avia-builder-el-6  el_after_av_one_fourth  el_before_av_hr  no_margin flex_column_table_cell av-equal-height-column av-align-top av-zero-column-padding column-top-margin'     ><section  class='av_textblock_section av-jnegtikq-9db2f7daf6df9d2e9c0bd6205c16c434'  itemscope=\"itemscope\" itemtype=\"https:\/\/schema.org\/CreativeWork\" ><div class='avia_textblock'  itemprop=\"text\" ><p><strong>Unverzichtbare Flexibilit\u00e4t<\/strong><br \/>\nSeit 2002 werden Mikrocontroller (\u00b5C) bei MGV eingesetzt, seit 2004 auch auf der Prim\u00e4rseite der Schaltnetzteile. Damit wurden von uns Stromversorgungsl\u00f6sungen umgesetzt, die ohne dieses Bauteil gar nicht oder nur sehr aufwendig realisierbar gewesen w\u00e4ren.<\/p>\n<p>Der \u00b5C \u00fcbernimmt im Netzteil zus\u00e4tzlich zur gewohnten Analogtechnik diverse Steuerungsund \u00dcberwachungsfunktionen. Auch Zusatzfunktionen lassen sich mit ihm auf einfache Weise realisieren und programmieren (Power Boost L\u00f6sungen mit unterschiedlichen Zeitintervallen). Dieses multifunktionale Bauteil hilft Platinenplatz zu sparen und erh\u00f6ht unsere Flexibilit\u00e4t, auf Kundenw\u00fcnsche einzugehen.<\/p>\n<\/div><\/section><\/div><\/div><!--close column table wrapper. Autoclose: 1 -->\n<div  class='hr av-t19qe-80f58921454e74badb3d411dcb453eb2 hr-default  avia-builder-el-8  el_after_av_three_fourth  el_before_av_one_half '><span class='hr-inner '><span class=\"hr-inner-style\"><\/span><\/span><\/div>\n<div class='flex_column_table av-kycqm-df2ac0a9d1b458b2a8837f0c2af06e79 sc-av_one_half av-equal-height-column-flextable'>\n<style type=\"text\/css\" data-created_by=\"avia_inline_auto\" id=\"style-css-av-kycqm-df2ac0a9d1b458b2a8837f0c2af06e79\">\n.flex_column.av-kycqm-df2ac0a9d1b458b2a8837f0c2af06e79{\n-webkit-border-radius:0px 0px 0px 0px;\n-moz-border-radius:0px 0px 0px 0px;\nborder-radius:0px 0px 0px 0px;\npadding:25px 25px 25px 25px;\nbackground-color:#f2f8f6;\n}\n<\/style>\n<div class='flex_column av-kycqm-df2ac0a9d1b458b2a8837f0c2af06e79 av_one_half  avia-builder-el-9  el_after_av_hr  el_before_av_one_half  first flex_column_table_cell av-equal-height-column av-align-top '     ><p>\n<style type=\"text\/css\" data-created_by=\"avia_inline_auto\" id=\"style-css-av-jnegtikq-20ea269f4d9a3e29bc685a251f40cab7\">\n#top .av_textblock_section.av-jnegtikq-20ea269f4d9a3e29bc685a251f40cab7 .avia_textblock{\ncolor:#017655;\n}\n<\/style>\n<section  class='av_textblock_section av-jnegtikq-20ea269f4d9a3e29bc685a251f40cab7'  itemscope=\"itemscope\" itemtype=\"https:\/\/schema.org\/CreativeWork\" ><div class='avia_textblock av_inherit_color'  itemprop=\"text\" ><p><strong>Vorteile f\u00fcr Schaltnetzteile<\/strong><\/p>\n<\/div><\/section><br \/>\n<section  class='av_textblock_section av-jnegtikq-9db2f7daf6df9d2e9c0bd6205c16c434'  itemscope=\"itemscope\" itemtype=\"https:\/\/schema.org\/CreativeWork\" ><div class='avia_textblock'  itemprop=\"text\" ><p>Die Nutzung von Mikrocontrollern f\u00fcr einfache Funktionen (Signalisierung, Timing, Schutz) bringt gegen\u00fcber dem Aufbau mit rein analogen Komponenten viele Vorteile: mehr Flexibilit\u00e4t im Einsatz, geringere Kosten, weniger Aufwand, kompakterer Aufbau durch Bauteilersparnis, eine erh\u00f6hte Fehlertoleranz und h\u00f6here MTBF.<\/p>\n<p>Diese \u00dcberwachungs- und Managementfunktionen (sogenanntes \u201eHouse keeping\u201c) sind zum Standard des \u00f6konomisch Sinnvollen geworden.<\/p>\n<p>Dar\u00fcber hinaus ist eine Datenspeicherung, Fehlerdiagnose und Kommunikation m\u00f6glich, z.B. mit einem Industrie-PC.<\/p>\n<\/div><\/section><\/p><\/div><div class='av-flex-placeholder'><\/div>\n<style type=\"text\/css\" data-created_by=\"avia_inline_auto\" id=\"style-css-av-kycqm-b6a4078cdb3dda2bc852d7bf8fcd860c\">\n.flex_column.av-kycqm-b6a4078cdb3dda2bc852d7bf8fcd860c{\n-webkit-border-radius:0px 0px 0px 0px;\n-moz-border-radius:0px 0px 0px 0px;\nborder-radius:0px 0px 0px 0px;\npadding:25px 25px 25px 25px;\nbackground-color:#f2f8f6;\n}\n<\/style>\n<div class='flex_column av-kycqm-b6a4078cdb3dda2bc852d7bf8fcd860c av_one_half  avia-builder-el-12  el_after_av_one_half  el_before_av_hr  flex_column_table_cell av-equal-height-column av-align-top '     ><p>\n<style type=\"text\/css\" data-created_by=\"avia_inline_auto\" id=\"style-css-av-jnegtikq-20ea269f4d9a3e29bc685a251f40cab7\">\n#top .av_textblock_section.av-jnegtikq-20ea269f4d9a3e29bc685a251f40cab7 .avia_textblock{\ncolor:#017655;\n}\n<\/style>\n<section  class='av_textblock_section av-jnegtikq-20ea269f4d9a3e29bc685a251f40cab7'  itemscope=\"itemscope\" itemtype=\"https:\/\/schema.org\/CreativeWork\" ><div class='avia_textblock av_inherit_color'  itemprop=\"text\" ><p><strong>Digital Power &#8211; Einsatz nach Ma\u00df<\/strong><\/p>\n<\/div><\/section><br \/>\n<section  class='av_textblock_section av-jnegtikq-9db2f7daf6df9d2e9c0bd6205c16c434'  itemscope=\"itemscope\" itemtype=\"https:\/\/schema.org\/CreativeWork\" ><div class='avia_textblock'  itemprop=\"text\" ><p>Unsere Erfahrungen beschr\u00e4nken sich nicht nur auf den Einsatz von \u00b5C (8 Bit) in Schaltnetzteilen und Stromversorgungen aller Art. So werden f\u00fcr gr\u00f6\u00dfere Managementaufgaben, wie in USV-Systemen, DSC\u2019s (Digital Signal Controller) von 16 bis 32 Bit Datenbreite eingesetzt.<\/p>\n<p>Sollten die Kundenanforderungen bzw. der Markt es erfordern, sind wir inzwischen in der Lage, auch volldigitale Konzepte (Stichwort \u201eDigital Power\u201c) zu realisieren.<\/p>\n<\/div><\/section><\/p><\/div><\/div><!--close column table wrapper. Autoclose: 1 -->\n<style type=\"text\/css\" data-created_by=\"avia_inline_auto\" id=\"style-css-av-jneqkf2z-cf6587c9667d1e1117d162b199ea704b\">\n#top .hr.hr-invisible.av-jneqkf2z-cf6587c9667d1e1117d162b199ea704b{\nheight:40px;\n}\n<\/style>\n<div  class='hr av-jneqkf2z-cf6587c9667d1e1117d162b199ea704b hr-invisible  avia-builder-el-15  el_after_av_one_half  avia-builder-el-last '><span class='hr-inner '><span class=\"hr-inner-style\"><\/span><\/span><\/div><\/p>\n","protected":false},"excerpt":{"rendered":"","protected":false},"author":1,"featured_media":0,"parent":0,"menu_order":0,"comment_status":"closed","ping_status":"closed","template":"","meta":[],"_links":{"self":[{"href":"https:\/\/www.mgv.de\/de\/wp-json\/wp\/v2\/pages\/138"}],"collection":[{"href":"https:\/\/www.mgv.de\/de\/wp-json\/wp\/v2\/pages"}],"about":[{"href":"https:\/\/www.mgv.de\/de\/wp-json\/wp\/v2\/types\/page"}],"author":[{"embeddable":true,"href":"https:\/\/www.mgv.de\/de\/wp-json\/wp\/v2\/users\/1"}],"replies":[{"embeddable":true,"href":"https:\/\/www.mgv.de\/de\/wp-json\/wp\/v2\/comments?post=138"}],"version-history":[{"count":15,"href":"https:\/\/www.mgv.de\/de\/wp-json\/wp\/v2\/pages\/138\/revisions"}],"predecessor-version":[{"id":1041,"href":"https:\/\/www.mgv.de\/de\/wp-json\/wp\/v2\/pages\/138\/revisions\/1041"}],"wp:attachment":[{"href":"https:\/\/www.mgv.de\/de\/wp-json\/wp\/v2\/media?parent=138"}],"curies":[{"name":"wp","href":"https:\/\/api.w.org\/{rel}","templated":true}]}}