{"id":140,"date":"2018-10-18T15:53:22","date_gmt":"2018-10-18T15:53:22","guid":{"rendered":"https:\/\/www.mgv.de\/de\/?page_id=140"},"modified":"2018-10-30T09:17:47","modified_gmt":"2018-10-30T09:17:47","slug":"thermosimulation","status":"publish","type":"page","link":"https:\/\/www.mgv.de\/de\/thermosimulation\/","title":{"rendered":"Thermosimulation"},"content":{"rendered":"<div id='layer_slider_1'  class='avia-layerslider main_color avia-shadow  avia-builder-el-0  el_before_av_one_full  avia-builder-el-first  container_wrap fullsize'  style='height: 272px;'  ><\/div><div id='after_layer_slider_1'  class='main_color av_default_container_wrap container_wrap fullsize'  ><div class='container av-section-cont-open' ><div class='template-page content  av-content-full alpha units'><div class='post-entry post-entry-type-page post-entry-140'><div class='entry-content-wrapper clearfix'>\n\n<style type=\"text\/css\" data-created_by=\"avia_inline_auto\" id=\"style-css-av-3da3-b33b01c9f73df4f3613ab007b2302ad2\">\n.flex_column.av-3da3-b33b01c9f73df4f3613ab007b2302ad2{\n-webkit-border-radius:0px 0px 0px 0px;\n-moz-border-radius:0px 0px 0px 0px;\nborder-radius:0px 0px 0px 0px;\npadding:0px 0px 0px 0px;\n}\n<\/style>\n<div class='flex_column av-3da3-b33b01c9f73df4f3613ab007b2302ad2 av_one_full  avia-builder-el-1  el_after_av_layerslider  el_before_av_one_fourth  avia-builder-el-first  first flex_column_div av-zero-column-padding '     ><section  class='av_textblock_section av-jneglox4-ab0cdc6eaaeb049f850eb5d6ea287ee0'  itemscope=\"itemscope\" itemtype=\"https:\/\/schema.org\/CreativeWork\" ><div class='avia_textblock'  itemprop=\"text\" ><h3>Thermosimulation<\/h3>\n<\/div><\/section><br \/>\n<div  class='hr av-jnegpvui-ed25bf715551f6e81073cdb81e1aeb2d hr-short  avia-builder-el-3  el_after_av_textblock  avia-builder-el-last  hr-left'><span class='hr-inner '><span class=\"hr-inner-style\"><\/span><\/span><\/div><\/p><\/div>\n<div class='flex_column_table av-jnegrvj3-0ff2d2f8252cd65bd6990bcb88412b80 sc-av_one_fourth av-equal-height-column-flextable'>\n<style type=\"text\/css\" data-created_by=\"avia_inline_auto\" id=\"style-css-av-jnegrvj3-0ff2d2f8252cd65bd6990bcb88412b80\">\n.flex_column.av-jnegrvj3-0ff2d2f8252cd65bd6990bcb88412b80{\n-webkit-border-radius:0px 0px 0px 0px;\n-moz-border-radius:0px 0px 0px 0px;\nborder-radius:0px 0px 0px 0px;\npadding:0px 0px 0px 0px;\n}\n<\/style>\n<div class='flex_column av-jnegrvj3-0ff2d2f8252cd65bd6990bcb88412b80 av_one_fourth  avia-builder-el-4  el_after_av_one_full  el_before_av_three_fourth  first no_margin flex_column_table_cell av-equal-height-column av-align-top av-zero-column-padding column-top-margin'     ><style type=\"text\/css\" data-created_by=\"avia_inline_auto\" id=\"style-css-av-jnegrazq-85f3f0ce469ca09333446069e9982090\">\n.avia-image-container.av-jnegrazq-85f3f0ce469ca09333446069e9982090 img.avia_image{\nbox-shadow:none;\n}\n.avia-image-container.av-jnegrazq-85f3f0ce469ca09333446069e9982090 .av-image-caption-overlay-center{\ncolor:#ffffff;\n}\n<\/style>\n<div  class='avia-image-container av-jnegrazq-85f3f0ce469ca09333446069e9982090 av-styling- avia-align-left  avia-builder-el-5  avia-builder-el-no-sibling '   itemprop=\"image\" itemscope=\"itemscope\" itemtype=\"https:\/\/schema.org\/ImageObject\" ><div class=\"avia-image-container-inner\"><div class=\"avia-image-overlay-wrap\"><img class='wp-image-339 avia-img-lazy-loading-not-339 avia_image ' src='https:\/\/www.mgv.de\/de\/wp-content\/uploads\/f2-12.jpg' alt='' title='mgv'  height=\"177\" width=\"252\"  itemprop=\"thumbnailUrl\"  \/><\/div><\/div><\/div><\/div>\n\n<style type=\"text\/css\" data-created_by=\"avia_inline_auto\" id=\"style-css-av-jnegrvj3-016d089af457856a0151b3eb163ed53c\">\n.flex_column.av-jnegrvj3-016d089af457856a0151b3eb163ed53c{\n-webkit-border-radius:0px 0px 0px 0px;\n-moz-border-radius:0px 0px 0px 0px;\nborder-radius:0px 0px 0px 0px;\npadding:0px 0px 0px 0px;\n}\n<\/style>\n<div class='flex_column av-jnegrvj3-016d089af457856a0151b3eb163ed53c av_three_fourth  avia-builder-el-6  el_after_av_one_fourth  el_before_av_hr  no_margin flex_column_table_cell av-equal-height-column av-align-top av-zero-column-padding column-top-margin'     ><section  class='av_textblock_section av-jnegtikq-9db2f7daf6df9d2e9c0bd6205c16c434'  itemscope=\"itemscope\" itemtype=\"https:\/\/schema.org\/CreativeWork\" ><div class='avia_textblock'  itemprop=\"text\" ><p><strong>Simulation: Sicher und schnell zur L\u00f6sung<\/strong><br \/>\nSchaltnetzteile haben heute eine hohe Integrationsdichte und ungew\u00f6hnliche Betriebsstandorte &#8211; also eine immer h\u00f6here Leistungsdichte auf das Gesamtvolumen des Netzteiles bezogen, an jedem erdenklichen Platz und unter jeder Umweltbedingung. Nur durch den Einsatz neuester Entwicklungswerkzeuge und optimierter Abl\u00e4ufe k\u00f6nnen Entwicklungen in time und in cost realisiert werden.<\/p>\n<\/div><\/section><\/div><\/div><!--close column table wrapper. Autoclose: 1 --><div  class='hr av-t19qe-80f58921454e74badb3d411dcb453eb2 hr-default  avia-builder-el-8  el_after_av_three_fourth  el_before_av_one_half '><span class='hr-inner '><span class=\"hr-inner-style\"><\/span><\/span><\/div><\/p>\n<div class='flex_column_table av-kycqm-df2ac0a9d1b458b2a8837f0c2af06e79 sc-av_one_half av-equal-height-column-flextable'>\n<style type=\"text\/css\" data-created_by=\"avia_inline_auto\" id=\"style-css-av-kycqm-df2ac0a9d1b458b2a8837f0c2af06e79\">\n.flex_column.av-kycqm-df2ac0a9d1b458b2a8837f0c2af06e79{\n-webkit-border-radius:0px 0px 0px 0px;\n-moz-border-radius:0px 0px 0px 0px;\nborder-radius:0px 0px 0px 0px;\npadding:25px 25px 25px 25px;\nbackground-color:#f2f8f6;\n}\n<\/style>\n<div class='flex_column av-kycqm-df2ac0a9d1b458b2a8837f0c2af06e79 av_one_half  avia-builder-el-9  el_after_av_hr  el_before_av_one_half  first flex_column_table_cell av-equal-height-column av-align-top '     ><p>\n<style type=\"text\/css\" data-created_by=\"avia_inline_auto\" id=\"style-css-av-jnegtikq-20ea269f4d9a3e29bc685a251f40cab7\">\n#top .av_textblock_section.av-jnegtikq-20ea269f4d9a3e29bc685a251f40cab7 .avia_textblock{\ncolor:#017655;\n}\n<\/style>\n<section  class='av_textblock_section av-jnegtikq-20ea269f4d9a3e29bc685a251f40cab7'  itemscope=\"itemscope\" itemtype=\"https:\/\/schema.org\/CreativeWork\" ><div class='avia_textblock av_inherit_color'  itemprop=\"text\" ><p><strong>Vorteile f\u00fcr die Entwicklung von Schaltnetzteilen<\/strong><\/p>\n<\/div><\/section><br \/>\n<section  class='av_textblock_section av-jnegtikq-9db2f7daf6df9d2e9c0bd6205c16c434'  itemscope=\"itemscope\" itemtype=\"https:\/\/schema.org\/CreativeWork\" ><div class='avia_textblock'  itemprop=\"text\" ><p>Mit Hilfe der Str\u00f6mungssimulation k\u00f6nnen alle thermodynamischen Parameter des betrachteten Systems zu jeder Zeit und an jedem Ort dreidimensional erfasst und damit auch bewertet werden.<\/p>\n<p>Entwickler werden in die Lage versetzt, thermodynamisch und str\u00f6mungsmechanisch wichtige Gr\u00f6\u00dfen betrachten zu k\u00f6nnen. Hierzu z\u00e4hlt neben dem W\u00e4rmefluss in Bauteilen ganz besonders das Umstr\u00f6men von Bauteilen und deren Verhalten auf die Str\u00f6mung im Netzteil selbst.<\/p>\n<\/div><\/section><\/p><\/div><div class='av-flex-placeholder'><\/div>\n<style type=\"text\/css\" data-created_by=\"avia_inline_auto\" id=\"style-css-av-kycqm-b6a4078cdb3dda2bc852d7bf8fcd860c\">\n.flex_column.av-kycqm-b6a4078cdb3dda2bc852d7bf8fcd860c{\n-webkit-border-radius:0px 0px 0px 0px;\n-moz-border-radius:0px 0px 0px 0px;\nborder-radius:0px 0px 0px 0px;\npadding:25px 25px 25px 25px;\nbackground-color:#f2f8f6;\n}\n<\/style>\n<div class='flex_column av-kycqm-b6a4078cdb3dda2bc852d7bf8fcd860c av_one_half  avia-builder-el-12  el_after_av_one_half  el_before_av_hr  flex_column_table_cell av-equal-height-column av-align-top '     ><p>\n<style type=\"text\/css\" data-created_by=\"avia_inline_auto\" id=\"style-css-av-jnegtikq-20ea269f4d9a3e29bc685a251f40cab7\">\n#top .av_textblock_section.av-jnegtikq-20ea269f4d9a3e29bc685a251f40cab7 .avia_textblock{\ncolor:#017655;\n}\n<\/style>\n<section  class='av_textblock_section av-jnegtikq-20ea269f4d9a3e29bc685a251f40cab7'  itemscope=\"itemscope\" itemtype=\"https:\/\/schema.org\/CreativeWork\" ><div class='avia_textblock av_inherit_color'  itemprop=\"text\" ><p><strong>Entwicklungsbegleitend: M\u00f6glichkeiten konsequent genutzt<\/strong><\/p>\n<\/div><\/section><br \/>\n<section  class='av_textblock_section av-jnegtikq-9db2f7daf6df9d2e9c0bd6205c16c434'  itemscope=\"itemscope\" itemtype=\"https:\/\/schema.org\/CreativeWork\" ><div class='avia_textblock'  itemprop=\"text\" ><p>Die bei MGV in der Entwicklung zum Einsatz kommende Str\u00f6mungssimulationssoftware basiert auf einem vollkommen neuen Konzept f\u00fcr CFD Software. Sie erm\u00f6glicht unter anderem, Str\u00f6mungen und W\u00e4rme\u00fcbertragung anhand ihrer 3D-CAD-Modelle direkt zu simulieren, ohne dabei Daten vorher kopieren oder umwandeln zu m\u00fcssen. Somit k\u00f6nnen \u00c4nderungen w\u00e4hrend der Entwicklung jederzeit ber\u00fccksichtigt werden.<\/p>\n<p><strong>Zu den Standardsimulationen geh\u00f6ren:<\/strong><\/p>\n<ul>\n<li>Durchstr\u00f6mungen und Umstr\u00f6mungen<\/li>\n<li>Inkompressible oder kompressible Str\u00f6mung viskoser Gase einschlie\u00dflich Unterschall-, transsonische &#8211; und \u00dcberschallstr\u00f6mungen<\/li>\n<li>Rotierende Teile (Rotor, Stator), Zentrifugal- und Corioliskr\u00e4fte<\/li>\n<li>W\u00e4rmeaustausch mit Festk\u00f6rpern, W\u00e4rmeleitung und -konvektion<\/li>\n<li>Oberfl\u00e4chenstrahlung, Solarstrahlung, Strahlungsaustausch mit der Umgebung<\/li>\n<\/ul>\n<\/div><\/section><\/p><\/div><\/div><!--close column table wrapper. Autoclose: 1 -->\n<style type=\"text\/css\" data-created_by=\"avia_inline_auto\" id=\"style-css-av-jneqkf2z-cf6587c9667d1e1117d162b199ea704b\">\n#top .hr.hr-invisible.av-jneqkf2z-cf6587c9667d1e1117d162b199ea704b{\nheight:40px;\n}\n<\/style>\n<div  class='hr av-jneqkf2z-cf6587c9667d1e1117d162b199ea704b hr-invisible  avia-builder-el-15  el_after_av_one_half  avia-builder-el-last '><span class='hr-inner '><span class=\"hr-inner-style\"><\/span><\/span><\/div><\/p>\n","protected":false},"excerpt":{"rendered":"","protected":false},"author":1,"featured_media":0,"parent":0,"menu_order":0,"comment_status":"closed","ping_status":"closed","template":"","meta":[],"_links":{"self":[{"href":"https:\/\/www.mgv.de\/de\/wp-json\/wp\/v2\/pages\/140"}],"collection":[{"href":"https:\/\/www.mgv.de\/de\/wp-json\/wp\/v2\/pages"}],"about":[{"href":"https:\/\/www.mgv.de\/de\/wp-json\/wp\/v2\/types\/page"}],"author":[{"embeddable":true,"href":"https:\/\/www.mgv.de\/de\/wp-json\/wp\/v2\/users\/1"}],"replies":[{"embeddable":true,"href":"https:\/\/www.mgv.de\/de\/wp-json\/wp\/v2\/comments?post=140"}],"version-history":[{"count":11,"href":"https:\/\/www.mgv.de\/de\/wp-json\/wp\/v2\/pages\/140\/revisions"}],"predecessor-version":[{"id":915,"href":"https:\/\/www.mgv.de\/de\/wp-json\/wp\/v2\/pages\/140\/revisions\/915"}],"wp:attachment":[{"href":"https:\/\/www.mgv.de\/de\/wp-json\/wp\/v2\/media?parent=140"}],"curies":[{"name":"wp","href":"https:\/\/api.w.org\/{rel}","templated":true}]}}