{"id":142,"date":"2018-10-18T15:53:33","date_gmt":"2018-10-18T15:53:33","guid":{"rendered":"https:\/\/www.mgv.de\/de\/?page_id=142"},"modified":"2018-11-28T10:41:20","modified_gmt":"2018-11-28T10:41:20","slug":"emv-kompetenz","status":"publish","type":"page","link":"https:\/\/www.mgv.de\/de\/emv-kompetenz\/","title":{"rendered":"EMV Kompetenz"},"content":{"rendered":"<div id='layer_slider_1'  class='avia-layerslider main_color avia-shadow  avia-builder-el-0  el_before_av_one_full  avia-builder-el-first  container_wrap fullsize'  style='height: 272px;'  ><\/div><div id='after_layer_slider_1'  class='main_color av_default_container_wrap container_wrap fullsize'  ><div class='container av-section-cont-open' ><div class='template-page content  av-content-full alpha units'><div class='post-entry post-entry-type-page post-entry-142'><div class='entry-content-wrapper clearfix'>\n\n<style type=\"text\/css\" data-created_by=\"avia_inline_auto\" id=\"style-css-av-3da3-b33b01c9f73df4f3613ab007b2302ad2\">\n.flex_column.av-3da3-b33b01c9f73df4f3613ab007b2302ad2{\n-webkit-border-radius:0px 0px 0px 0px;\n-moz-border-radius:0px 0px 0px 0px;\nborder-radius:0px 0px 0px 0px;\npadding:0px 0px 0px 0px;\n}\n<\/style>\n<div class='flex_column av-3da3-b33b01c9f73df4f3613ab007b2302ad2 av_one_full  avia-builder-el-1  el_after_av_layerslider  el_before_av_one_full  avia-builder-el-first  first flex_column_div av-zero-column-padding '     ><section  class='av_textblock_section av-jneglox4-ab0cdc6eaaeb049f850eb5d6ea287ee0'  itemscope=\"itemscope\" itemtype=\"https:\/\/schema.org\/CreativeWork\" ><div class='avia_textblock'  itemprop=\"text\" ><h3>EMV Kompetenz<\/h3>\n<\/div><\/section><br \/>\n<div  class='hr av-jnegpvui-ed25bf715551f6e81073cdb81e1aeb2d hr-short  avia-builder-el-3  el_after_av_textblock  avia-builder-el-last  hr-left'><span class='hr-inner '><span class=\"hr-inner-style\"><\/span><\/span><\/div><\/p><\/div>\n\n<style type=\"text\/css\" data-created_by=\"avia_inline_auto\" id=\"style-css-av-jnegrvj3-2c9ffaecec94450d7c6096f9a97275ab\">\n.flex_column.av-jnegrvj3-2c9ffaecec94450d7c6096f9a97275ab{\n-webkit-border-radius:0px 0px 0px 0px;\n-moz-border-radius:0px 0px 0px 0px;\nborder-radius:0px 0px 0px 0px;\npadding:0px 0px 0px 0px;\n}\n<\/style>\n<div class='flex_column av-jnegrvj3-2c9ffaecec94450d7c6096f9a97275ab av_one_full  avia-builder-el-4  el_after_av_one_full  el_before_av_hr  first no_margin flex_column_div av-zero-column-padding column-top-margin'     ><section  class='av_textblock_section av-jnegtikq-9db2f7daf6df9d2e9c0bd6205c16c434'  itemscope=\"itemscope\" itemtype=\"https:\/\/schema.org\/CreativeWork\" ><div class='avia_textblock'  itemprop=\"text\" ><p><strong>Elektromagnetische Vertr\u00e4glichkeit als Basisforderung<\/strong><br \/>\nNetzteile trennen das Versorgungsnetz (z.B. 230Vac oder 3x400Vac) von den erzeugten Kleinspannungen (z.B. 5Vdc, 12Vdc). Sie m\u00fcssen dabei eine sichere elektrische Trennung gew\u00e4hrleisten und die gesetzlichen Forderungen zur EMV erf\u00fcllen. Netzteile haben auch extremen Bedingungen und St\u00f6rbeaufschlagungen von au\u00dfen standzuhalten und die angeschlossenen Verbraucher, wie sensible Elektronikbaugruppen, zu sch\u00fctzen.<\/p>\n<p>Bereits mit Entwicklung der ersten Schaltnetzteil-Generation bei MGV von 1981-83 war die Beherrschung von St\u00f6raussendungen und St\u00f6rfestigkeit ein vorrangiges Thema, also lange bevor die EMV-Gesetzgebung und die CE-Konformit\u00e4t wirksam wurden. Um den Netzeilen eine besonders hohe Resistenz und Praxistauglichkeit zu verleihen, legen wir heute bestimmte St\u00f6rfestigkeitswerte zum Teil weit \u00fcber die Normenforderungen aus.<\/p>\n<\/div><\/section><\/div><div  class='hr av-t19qe-80f58921454e74badb3d411dcb453eb2 hr-default  avia-builder-el-6  el_after_av_one_full  el_before_av_one_full '><span class='hr-inner '><span class=\"hr-inner-style\"><\/span><\/span><\/div><\/p>\n<div class='flex_column_table av-kycqm-df2ac0a9d1b458b2a8837f0c2af06e79 sc-av_one_full av-equal-height-column-flextable'>\n<style type=\"text\/css\" data-created_by=\"avia_inline_auto\" id=\"style-css-av-kycqm-df2ac0a9d1b458b2a8837f0c2af06e79\">\n.flex_column.av-kycqm-df2ac0a9d1b458b2a8837f0c2af06e79{\n-webkit-border-radius:0px 0px 0px 0px;\n-moz-border-radius:0px 0px 0px 0px;\nborder-radius:0px 0px 0px 0px;\npadding:25px 25px 25px 25px;\nbackground-color:#f2f8f6;\n}\n<\/style>\n<div class='flex_column av-kycqm-df2ac0a9d1b458b2a8837f0c2af06e79 av_one_full  avia-builder-el-7  el_after_av_hr  el_before_av_hr  first flex_column_table_cell av-equal-height-column av-align-top '     ><p>\n<style type=\"text\/css\" data-created_by=\"avia_inline_auto\" id=\"style-css-av-jnegtikq-20ea269f4d9a3e29bc685a251f40cab7\">\n#top .av_textblock_section.av-jnegtikq-20ea269f4d9a3e29bc685a251f40cab7 .avia_textblock{\ncolor:#017655;\n}\n<\/style>\n<section  class='av_textblock_section av-jnegtikq-20ea269f4d9a3e29bc685a251f40cab7'  itemscope=\"itemscope\" itemtype=\"https:\/\/schema.org\/CreativeWork\" ><div class='avia_textblock av_inherit_color'  itemprop=\"text\" >\n<style type=\"text\/css\" data-created_by=\"avia_inline_auto\" id=\"style-css-av-88lku-5f9c10e7086d37943cd2388df9b695a0\">\n.av_font_icon.av-88lku-5f9c10e7086d37943cd2388df9b695a0 .av-icon-char{\nfont-size:20px;\nline-height:20px;\n}\n<\/style>\n<span  class='av_font_icon av-88lku-5f9c10e7086d37943cd2388df9b695a0 avia_animate_when_visible av-icon-style- avia-icon-pos-left av-no-color avia-icon-animate'><span class='av-icon-char' aria-hidden='true' data-av_icon='\ue812' data-av_iconfont='entypo-fontello' ><\/span><\/span>\n<p><strong>Tests im eigenen EMV-Labor<\/strong><\/p>\n<\/div><\/section><br \/>\n<section  class='av_textblock_section av-jnegtikq-9db2f7daf6df9d2e9c0bd6205c16c434'  itemscope=\"itemscope\" itemtype=\"https:\/\/schema.org\/CreativeWork\" ><div class='avia_textblock'  itemprop=\"text\" ><p>Seit Jahren testen wir die elektromagnetische Vertr\u00e4glichkeit unserer Netzteile und DC\/DC Wandler im eigenen Labor. Dazu geh\u00f6ren:<\/p>\n<p><strong>St\u00f6raussendung (Emission):<br \/>\n<\/strong><\/p>\n<ul>\n<li>leitungsgebundene St\u00f6rungen nach EN55011 und 55022<\/li>\n<li>gestrahlte St\u00f6rungen nach EN55011 und 55022<\/li>\n<li>St\u00f6rstrommessung nach EN55011 und 55022<\/li>\n<li>Harmonics nach EN 61000-3-2 und EN61000-3-12<\/li>\n<\/ul>\n<p><strong>St\u00f6rfestigkeit (Immission):<\/strong><\/p>\n<ul>\n<li>Surge nach EN 61000-4-5<\/li>\n<li>Burst nach EN 61000-4-4<\/li>\n<li>VDE0160<\/li>\n<li>ESD nach EN 61000-4-2<\/li>\n<li>St\u00f6rfestigkeit gegen elektrische Felder EN 61000-4-3<\/li>\n<\/ul>\n<p>Schaltnetzteil-Layout und -Topologie haben einen direkten Einfluss auf das elektromagnetische Verhalten. Hierauf konzentrieren wir uns besonders. Die entwicklungsbegleitenden Messungen erm\u00f6glichen Ma\u00dfnahmen zum EMV-optimierten Leiterplattendesign, zur Bauteilplatzierung, zum Filterdesign und zu schaltungstechnischen Ma\u00dfnahmen, um potentielle St\u00f6rungen gar nicht erst entstehen zu lassen.<\/p>\n<\/div><\/section><\/p><\/div><\/div><!--close column table wrapper. Autoclose: 1 -->\n\n<style type=\"text\/css\" data-created_by=\"avia_inline_auto\" id=\"style-css-av-jneqkf2z-cf6587c9667d1e1117d162b199ea704b\">\n#top .hr.hr-invisible.av-jneqkf2z-cf6587c9667d1e1117d162b199ea704b{\nheight:40px;\n}\n<\/style>\n<div  class='hr av-jneqkf2z-cf6587c9667d1e1117d162b199ea704b hr-invisible  avia-builder-el-11  el_after_av_one_full  avia-builder-el-last '><span class='hr-inner '><span class=\"hr-inner-style\"><\/span><\/span><\/div>\n","protected":false},"excerpt":{"rendered":"","protected":false},"author":1,"featured_media":0,"parent":0,"menu_order":0,"comment_status":"closed","ping_status":"closed","template":"","meta":[],"_links":{"self":[{"href":"https:\/\/www.mgv.de\/de\/wp-json\/wp\/v2\/pages\/142"}],"collection":[{"href":"https:\/\/www.mgv.de\/de\/wp-json\/wp\/v2\/pages"}],"about":[{"href":"https:\/\/www.mgv.de\/de\/wp-json\/wp\/v2\/types\/page"}],"author":[{"embeddable":true,"href":"https:\/\/www.mgv.de\/de\/wp-json\/wp\/v2\/users\/1"}],"replies":[{"embeddable":true,"href":"https:\/\/www.mgv.de\/de\/wp-json\/wp\/v2\/comments?post=142"}],"version-history":[{"count":17,"href":"https:\/\/www.mgv.de\/de\/wp-json\/wp\/v2\/pages\/142\/revisions"}],"predecessor-version":[{"id":1042,"href":"https:\/\/www.mgv.de\/de\/wp-json\/wp\/v2\/pages\/142\/revisions\/1042"}],"wp:attachment":[{"href":"https:\/\/www.mgv.de\/de\/wp-json\/wp\/v2\/media?parent=142"}],"curies":[{"name":"wp","href":"https:\/\/api.w.org\/{rel}","templated":true}]}}