{"id":180,"date":"2018-10-18T15:58:21","date_gmt":"2018-10-18T15:58:21","guid":{"rendered":"https:\/\/www.mgv.de\/de\/?page_id=180"},"modified":"2018-11-27T12:07:44","modified_gmt":"2018-11-27T12:07:44","slug":"mgv-dauertest","status":"publish","type":"page","link":"https:\/\/www.mgv.de\/de\/mgv-dauertest\/","title":{"rendered":"MGV Dauertest"},"content":{"rendered":"<div id='layer_slider_1'  class='avia-layerslider main_color avia-shadow  avia-builder-el-0  el_before_av_one_fourth  avia-builder-el-first  container_wrap fullsize'  style='height: 272px;'  ><\/div><div id='after_layer_slider_1'  class='main_color av_default_container_wrap container_wrap fullsize'  ><div class='container av-section-cont-open' ><div class='template-page content  av-content-full alpha units'><div class='post-entry post-entry-type-page post-entry-180'><div class='entry-content-wrapper clearfix'>\n<div class='flex_column_table av-jnegrvj3-0ff2d2f8252cd65bd6990bcb88412b80 sc-av_one_fourth av-equal-height-column-flextable'>\n<style type=\"text\/css\" data-created_by=\"avia_inline_auto\" id=\"style-css-av-jnegrvj3-0ff2d2f8252cd65bd6990bcb88412b80\">\n.flex_column.av-jnegrvj3-0ff2d2f8252cd65bd6990bcb88412b80{\n-webkit-border-radius:0px 0px 0px 0px;\n-moz-border-radius:0px 0px 0px 0px;\nborder-radius:0px 0px 0px 0px;\npadding:0px 0px 0px 0px;\n}\n<\/style>\n<div class='flex_column av-jnegrvj3-0ff2d2f8252cd65bd6990bcb88412b80 av_one_fourth  avia-builder-el-1  el_after_av_layerslider  el_before_av_three_fourth  avia-builder-el-first  first no_margin flex_column_table_cell av-equal-height-column av-align-top av-zero-column-padding '     ><style type=\"text\/css\" data-created_by=\"avia_inline_auto\" id=\"style-css-av-jnegrazq-95a9cfc0ee9c5e9d47fc156a2691aa98\">\n.avia-image-container.av-jnegrazq-95a9cfc0ee9c5e9d47fc156a2691aa98 img.avia_image{\nbox-shadow:none;\n}\n.avia-image-container.av-jnegrazq-95a9cfc0ee9c5e9d47fc156a2691aa98 .av-image-caption-overlay-center{\ncolor:#ffffff;\n}\n<\/style>\n<div  class='avia-image-container av-jnegrazq-95a9cfc0ee9c5e9d47fc156a2691aa98 av-styling- avia-align-left  avia-builder-el-2  avia-builder-el-no-sibling '   itemprop=\"image\" itemscope=\"itemscope\" itemtype=\"https:\/\/schema.org\/ImageObject\" ><div class=\"avia-image-container-inner\"><div class=\"avia-image-overlay-wrap\"><img class='wp-image-398 avia-img-lazy-loading-not-398 avia_image ' src='https:\/\/www.mgv.de\/de\/wp-content\/uploads\/f2-17.jpg' alt='' title='mgv'  height=\"177\" width=\"252\"  itemprop=\"thumbnailUrl\"  \/><\/div><\/div><\/div><\/div>\n\n<style type=\"text\/css\" data-created_by=\"avia_inline_auto\" id=\"style-css-av-jnegrvj3-016d089af457856a0151b3eb163ed53c\">\n.flex_column.av-jnegrvj3-016d089af457856a0151b3eb163ed53c{\n-webkit-border-radius:0px 0px 0px 0px;\n-moz-border-radius:0px 0px 0px 0px;\nborder-radius:0px 0px 0px 0px;\npadding:0px 0px 0px 0px;\n}\n<\/style>\n<div class='flex_column av-jnegrvj3-016d089af457856a0151b3eb163ed53c av_three_fourth  avia-builder-el-3  el_after_av_one_fourth  el_before_av_hr  no_margin flex_column_table_cell av-equal-height-column av-align-top av-zero-column-padding '     ><section  class='av_textblock_section av-jneglox4-ab0cdc6eaaeb049f850eb5d6ea287ee0'  itemscope=\"itemscope\" itemtype=\"https:\/\/schema.org\/CreativeWork\" ><div class='avia_textblock'  itemprop=\"text\" ><h3>MGV Dauertest<\/h3>\n<\/div><\/section><br \/>\n<div  class='hr av-jnegpvui-ed25bf715551f6e81073cdb81e1aeb2d hr-short  avia-builder-el-5  el_after_av_textblock  el_before_av_textblock  hr-left'><span class='hr-inner '><span class=\"hr-inner-style\"><\/span><\/span><\/div><br \/>\n<section  class='av_textblock_section av-jnegtikq-9db2f7daf6df9d2e9c0bd6205c16c434'  itemscope=\"itemscope\" itemtype=\"https:\/\/schema.org\/CreativeWork\" ><div class='avia_textblock'  itemprop=\"text\" ><p><strong>Umweltfreundliche Technik:<br \/>\nEnergier\u00fcckspeisung beim Dauertest<br \/>\n<\/strong><\/p>\n<p>Netzteilhersteller unterziehen ihre Produkte vor der Auslieferung in der Regel einem Dauertest unter Nennbedingungen. Um den Ger\u00e4ten ihre Nennlast abzuverlangen, wurde als Stromsenke fr\u00fcher ein hoch belastbarer ohmscher Verbraucher aufgeschaltet und die dabei entstehende W\u00e4rme in die Umgebung freigesetzt.<\/p>\n<p>Heute werden die dabei anfallenden immensen Verlustleistungen nicht mehr sinnlos verheizt, sondern zum Gro\u00dfteil als Energie ins Versorgungsnetz zur\u00fcckgespeist. Davon profitieren Hersteller und Umwelt.<\/p>\n<\/div><\/section><\/p><\/div><\/div><!--close column table wrapper. Autoclose: 1 -->\n<div  class='hr av-aw9a4-757b4bde9ac360515d75eff80f409160 hr-default  avia-builder-el-7  el_after_av_three_fourth  el_before_av_icon_box '><span class='hr-inner '><span class=\"hr-inner-style\"><\/span><\/span><\/div>\n\n<style type=\"text\/css\" data-created_by=\"avia_inline_auto\" id=\"style-css-av-jnk0iirl-ec1308c05be3b9b7e147ae0149153aa7\">\n.iconbox.av-jnk0iirl-ec1308c05be3b9b7e147ae0149153aa7 .iconbox_icon{\nbackground-color:#0e7d5e;\n}\n<\/style>\n<article  class='iconbox iconbox_top av-jnk0iirl-ec1308c05be3b9b7e147ae0149153aa7  avia-builder-el-8  el_after_av_hr  avia-builder-el-last  main_color'  itemscope=\"itemscope\" itemtype=\"https:\/\/schema.org\/CreativeWork\" ><div class=\"iconbox_content\"><header class=\"entry-content-header\"><div class=\"iconbox_icon heading-color\" aria-hidden='true' data-av_icon='\ue82b' data-av_iconfont='entypo-fontello'><\/div><\/header><div class='iconbox_content_container '  itemprop=\"text\" ><p><strong><span style=\"color: #0e7d5e;\">Geld einsparen &#8211; statt verheizen<\/span><br \/>\n<\/strong><div  class='hr av-guodq-db2ba907db8e28b3be2faa0de4cc2000 hr-default  avia-builder-el-9  avia-builder-el-no-sibling '><span class='hr-inner '><span class=\"hr-inner-style\"><\/span><\/span><\/div><\/p>\n<p>Bevor Netzteile von MGV das Werk verlassen, m\u00fcssen sie einen Dauerlauf unter Nennlast und maximal zul\u00e4ssiger Umgebungstemperatur bestehen. Als zus\u00e4tzlicher Stressfaktor kann mehrfaches Ein- und Ausschalten der Netzteile hinzukommen. Nach einer Beispielrechnung w\u00fcrde die Dauertestanlage unter ohmscher Volllast eine Verlustleistung von 140 kW in W\u00e4rme umsetzen und auf diese Weise j\u00e4hrlich Energie im Wert von mehr als 120.000 Euro verheizen.<\/p>\n<p>Mit der R\u00fcckspeise-Einrichtung werden davon rund 84.000 Euro eingespart, da etwa 70 % der aufgenommenen Energie nicht mehr verheizt sondern r\u00fcckgewandelt werden.<\/p>\n<p><strong>\u00a0<\/strong><\/p>\n<\/div><\/div><footer class=\"entry-footer\"><\/footer><\/article>\n","protected":false},"excerpt":{"rendered":"","protected":false},"author":1,"featured_media":0,"parent":0,"menu_order":0,"comment_status":"closed","ping_status":"closed","template":"","meta":[],"_links":{"self":[{"href":"https:\/\/www.mgv.de\/de\/wp-json\/wp\/v2\/pages\/180"}],"collection":[{"href":"https:\/\/www.mgv.de\/de\/wp-json\/wp\/v2\/pages"}],"about":[{"href":"https:\/\/www.mgv.de\/de\/wp-json\/wp\/v2\/types\/page"}],"author":[{"embeddable":true,"href":"https:\/\/www.mgv.de\/de\/wp-json\/wp\/v2\/users\/1"}],"replies":[{"embeddable":true,"href":"https:\/\/www.mgv.de\/de\/wp-json\/wp\/v2\/comments?post=180"}],"version-history":[{"count":13,"href":"https:\/\/www.mgv.de\/de\/wp-json\/wp\/v2\/pages\/180\/revisions"}],"predecessor-version":[{"id":1055,"href":"https:\/\/www.mgv.de\/de\/wp-json\/wp\/v2\/pages\/180\/revisions\/1055"}],"wp:attachment":[{"href":"https:\/\/www.mgv.de\/de\/wp-json\/wp\/v2\/media?parent=180"}],"curies":[{"name":"wp","href":"https:\/\/api.w.org\/{rel}","templated":true}]}}