{"id":186,"date":"2018-10-18T15:58:49","date_gmt":"2018-10-18T15:58:49","guid":{"rendered":"https:\/\/www.mgv.de\/de\/?page_id=186"},"modified":"2018-11-20T10:52:28","modified_gmt":"2018-11-20T10:52:28","slug":"fachbeitrage","status":"publish","type":"page","link":"https:\/\/www.mgv.de\/de\/fachbeitrage\/","title":{"rendered":"Fachbeitr\u00e4ge"},"content":{"rendered":"<div id='layer_slider_1'  class='avia-layerslider main_color avia-shadow  avia-builder-el-0  el_before_av_one_full  avia-builder-el-first  container_wrap fullsize'  style='height: 272px;'  ><\/div><div id='after_layer_slider_1'  class='main_color av_default_container_wrap container_wrap fullsize'  ><div class='container av-section-cont-open' ><div class='template-page content  av-content-full alpha units'><div class='post-entry post-entry-type-page post-entry-186'><div class='entry-content-wrapper clearfix'>\n\n<style type=\"text\/css\" data-created_by=\"avia_inline_auto\" id=\"style-css-av-jnegrvj3-2c9ffaecec94450d7c6096f9a97275ab\">\n.flex_column.av-jnegrvj3-2c9ffaecec94450d7c6096f9a97275ab{\n-webkit-border-radius:0px 0px 0px 0px;\n-moz-border-radius:0px 0px 0px 0px;\nborder-radius:0px 0px 0px 0px;\npadding:0px 0px 0px 0px;\n}\n<\/style>\n<div class='flex_column av-jnegrvj3-2c9ffaecec94450d7c6096f9a97275ab av_one_full  avia-builder-el-1  el_after_av_layerslider  el_before_av_one_third  avia-builder-el-first  first no_margin flex_column_div av-zero-column-padding '     ><section  class='av_textblock_section av-jneglox4-ab0cdc6eaaeb049f850eb5d6ea287ee0'  itemscope=\"itemscope\" itemtype=\"https:\/\/schema.org\/CreativeWork\" ><div class='avia_textblock'  itemprop=\"text\" ><h3>Fachbeitr\u00e4ge<\/h3>\n<\/div><\/section><br \/>\n<div  class='hr av-jnegpvui-ed25bf715551f6e81073cdb81e1aeb2d hr-short  avia-builder-el-3  el_after_av_textblock  el_before_av_textblock  hr-left'><span class='hr-inner '><span class=\"hr-inner-style\"><\/span><\/span><\/div><br \/>\n<section  class='av_textblock_section av-jnegtikq-9db2f7daf6df9d2e9c0bd6205c16c434'  itemscope=\"itemscope\" itemtype=\"https:\/\/schema.org\/CreativeWork\" ><div class='avia_textblock'  itemprop=\"text\" ><p><strong><span class=\"fontstyle0\">Die PDF-Files zum downloaden:<\/span><br \/>\n<\/strong><\/p>\n<\/div><\/section><\/p><\/div>\n<div class='flex_column_table av-jnjxpc95-21afda7b7c0a2440f3106bc24d6c1866 sc-av_one_third av-equal-height-column-flextable'>\n<style type=\"text\/css\" data-created_by=\"avia_inline_auto\" id=\"style-css-av-jnjxpc95-21afda7b7c0a2440f3106bc24d6c1866\">\n.flex_column.av-jnjxpc95-21afda7b7c0a2440f3106bc24d6c1866{\n-webkit-border-radius:0px 0px 0px 0px;\n-moz-border-radius:0px 0px 0px 0px;\nborder-radius:0px 0px 0px 0px;\npadding:25px 25px 25px 25px;\nbackground-color:#f2f8f6;\n}\n<\/style>\n<div class='flex_column av-jnjxpc95-21afda7b7c0a2440f3106bc24d6c1866 av_one_third  avia-builder-el-5  el_after_av_one_full  el_before_av_one_third  first no_margin flex_column_table_cell av-equal-height-column av-align-top column-top-margin'     ><p>\n<style type=\"text\/css\" data-created_by=\"avia_inline_auto\" id=\"style-css-av-jnegtikq-20ea269f4d9a3e29bc685a251f40cab7\">\n#top .av_textblock_section.av-jnegtikq-20ea269f4d9a3e29bc685a251f40cab7 .avia_textblock{\ncolor:#017655;\n}\n<\/style>\n<section  class='av_textblock_section av-jnegtikq-20ea269f4d9a3e29bc685a251f40cab7'  itemscope=\"itemscope\" itemtype=\"https:\/\/schema.org\/CreativeWork\" ><div class='avia_textblock av_inherit_color'  itemprop=\"text\" ><p><strong><span class=\"fontstyle0\">Energier\u00fcckspeisung beim Netzteil-Dauertest<\/span><br \/>\n<\/strong><\/p>\n<\/div><\/section><br \/>\n<section  class='av_textblock_section av-jnegtikq-9db2f7daf6df9d2e9c0bd6205c16c434'  itemscope=\"itemscope\" itemtype=\"https:\/\/schema.org\/CreativeWork\" ><div class='avia_textblock'  itemprop=\"text\" ><p>Verschwendung war gestern<br \/>\nAutor: Dipl.-Ing. Ulrich Herrmann, MGV<br \/>\nEL-info Elektronik Informationen<\/p>\n<\/div><\/section><br \/>\n<div  class='avia-button-wrap av-jnk261a2-4bd683b80dcd228fc81e63e6c30e83cb-wrap avia-button-left  avia-builder-el-8  el_after_av_textblock  avia-builder-el-last '>\n<style type=\"text\/css\" data-created_by=\"avia_inline_auto\" id=\"style-css-av-jnk261a2-4bd683b80dcd228fc81e63e6c30e83cb\">\n#top #wrap_all .avia-button.av-jnk261a2-4bd683b80dcd228fc81e63e6c30e83cb{\nbackground-color:#0e7d5e;\nborder-color:#0e7d5e;\ncolor:#ffffff;\n-webkit-transition:all 0.4s ease-in-out;\n-moz-transition:all 0.4s ease-in-out;\n-ms-transition:all 0.4s ease-in-out;\n-o-transition:all 0.4s ease-in-out;\ntransition:all 0.4s ease-in-out;\n}\n<\/style>\n<a href='https:\/\/www.mgv.de\/de\/wp-content\/uploads\/dokument_10_deutsch-1.pdf'  class='avia-button av-jnk261a2-4bd683b80dcd228fc81e63e6c30e83cb avia-icon_select-yes-left-icon avia-size-medium avia-position-left'  target=\"_blank\"  rel=\"noopener noreferrer\" ><span class='avia_button_icon avia_button_icon_left' aria-hidden='true' data-av_icon='\ue82d' data-av_iconfont='entypo-fontello'><\/span><span class='avia_iconbox_title' >PDF Dokument zum download<\/span><\/a><\/div><\/p><\/div>\n<style type=\"text\/css\" data-created_by=\"avia_inline_auto\" id=\"style-css-av-jnjxpc95-392c1dcbf4e4c2fc004ef9df9652c3d1\">\n.flex_column.av-jnjxpc95-392c1dcbf4e4c2fc004ef9df9652c3d1{\n-webkit-border-radius:0px 0px 0px 0px;\n-moz-border-radius:0px 0px 0px 0px;\nborder-radius:0px 0px 0px 0px;\npadding:25px 25px 25px 25px;\nbackground-color:#f2f8f6;\n}\n<\/style>\n<div class='flex_column av-jnjxpc95-392c1dcbf4e4c2fc004ef9df9652c3d1 av_one_third  avia-builder-el-9  el_after_av_one_third  el_before_av_one_third  no_margin flex_column_table_cell av-equal-height-column av-align-top column-top-margin'     ><p>\n<style type=\"text\/css\" data-created_by=\"avia_inline_auto\" id=\"style-css-av-jnegtikq-20ea269f4d9a3e29bc685a251f40cab7\">\n#top .av_textblock_section.av-jnegtikq-20ea269f4d9a3e29bc685a251f40cab7 .avia_textblock{\ncolor:#017655;\n}\n<\/style>\n<section  class='av_textblock_section av-jnegtikq-20ea269f4d9a3e29bc685a251f40cab7'  itemscope=\"itemscope\" itemtype=\"https:\/\/schema.org\/CreativeWork\" ><div class='avia_textblock av_inherit_color'  itemprop=\"text\" ><p><strong><span class=\"fontstyle0\">Microcontroller machen Netzger\u00e4te smarter<\/span><br \/>\n<\/strong><\/p>\n<\/div><\/section><br \/>\n<section  class='av_textblock_section av-jnegtikq-9db2f7daf6df9d2e9c0bd6205c16c434'  itemscope=\"itemscope\" itemtype=\"https:\/\/schema.org\/CreativeWork\" ><div class='avia_textblock'  itemprop=\"text\" ><p>Vorausschauendes Power-Management<br \/>\nAutor: Dipl.-Ing.(FH) Raik H\u00fclse, MGV<br \/>\nIEE<\/p>\n<\/div><\/section><br \/>\n<div  class='avia-button-wrap av-jnk261a2-78e12efccffaecf5829b8f5bbd468249-wrap avia-button-left  avia-builder-el-12  el_after_av_textblock  avia-builder-el-last '>\n<style type=\"text\/css\" data-created_by=\"avia_inline_auto\" id=\"style-css-av-jnk261a2-78e12efccffaecf5829b8f5bbd468249\">\n#top #wrap_all .avia-button.av-jnk261a2-78e12efccffaecf5829b8f5bbd468249{\nbackground-color:#0e7d5e;\nborder-color:#0e7d5e;\ncolor:#ffffff;\n-webkit-transition:all 0.4s ease-in-out;\n-moz-transition:all 0.4s ease-in-out;\n-ms-transition:all 0.4s ease-in-out;\n-o-transition:all 0.4s ease-in-out;\ntransition:all 0.4s ease-in-out;\n}\n<\/style>\n<a href='https:\/\/www.mgv.de\/de\/wp-content\/uploads\/dokument_15_deutsch.pdf'  class='avia-button av-jnk261a2-78e12efccffaecf5829b8f5bbd468249 avia-icon_select-yes-left-icon avia-size-medium avia-position-left'  target=\"_blank\"  rel=\"noopener noreferrer\" ><span class='avia_button_icon avia_button_icon_left' aria-hidden='true' data-av_icon='\ue82d' data-av_iconfont='entypo-fontello'><\/span><span class='avia_iconbox_title' >PDF Dokument zum download<\/span><\/a><\/div><\/p><\/div><\/p>\n\n<style type=\"text\/css\" data-created_by=\"avia_inline_auto\" id=\"style-css-av-jnjxpc95-392c1dcbf4e4c2fc004ef9df9652c3d1\">\n.flex_column.av-jnjxpc95-392c1dcbf4e4c2fc004ef9df9652c3d1{\n-webkit-border-radius:0px 0px 0px 0px;\n-moz-border-radius:0px 0px 0px 0px;\nborder-radius:0px 0px 0px 0px;\npadding:25px 25px 25px 25px;\nbackground-color:#f2f8f6;\n}\n<\/style>\n<div class='flex_column av-jnjxpc95-392c1dcbf4e4c2fc004ef9df9652c3d1 av_one_third  avia-builder-el-13  el_after_av_one_third  el_before_av_one_third  no_margin flex_column_table_cell av-equal-height-column av-align-top column-top-margin'     ><p>\n<style type=\"text\/css\" data-created_by=\"avia_inline_auto\" id=\"style-css-av-jnegtikq-20ea269f4d9a3e29bc685a251f40cab7\">\n#top .av_textblock_section.av-jnegtikq-20ea269f4d9a3e29bc685a251f40cab7 .avia_textblock{\ncolor:#017655;\n}\n<\/style>\n<section  class='av_textblock_section av-jnegtikq-20ea269f4d9a3e29bc685a251f40cab7'  itemscope=\"itemscope\" itemtype=\"https:\/\/schema.org\/CreativeWork\" ><div class='avia_textblock av_inherit_color'  itemprop=\"text\" ><p><strong>Platzprobleme gel\u00f6st<\/strong><\/p>\n<\/div><\/section><br \/>\n<section  class='av_textblock_section av-jnegtikq-9db2f7daf6df9d2e9c0bd6205c16c434'  itemscope=\"itemscope\" itemtype=\"https:\/\/schema.org\/CreativeWork\" ><div class='avia_textblock'  itemprop=\"text\" ><p>19-Zoll-Netzteile in 2-HE-Geh\u00e4usen<br \/>\nAutor: Grit Wilstermann, MGV<br \/>\nComputer &amp; Automation<\/p>\n<\/div><\/section><br \/>\n<div  class='avia-button-wrap av-jnk261a2-c18a2655797a3b65661c794a7a88df12-wrap avia-button-left  avia-builder-el-16  el_after_av_textblock  avia-builder-el-last '>\n<style type=\"text\/css\" data-created_by=\"avia_inline_auto\" id=\"style-css-av-jnk261a2-c18a2655797a3b65661c794a7a88df12\">\n#top #wrap_all .avia-button.av-jnk261a2-c18a2655797a3b65661c794a7a88df12{\nbackground-color:#0e7d5e;\nborder-color:#0e7d5e;\ncolor:#ffffff;\n-webkit-transition:all 0.4s ease-in-out;\n-moz-transition:all 0.4s ease-in-out;\n-ms-transition:all 0.4s ease-in-out;\n-o-transition:all 0.4s ease-in-out;\ntransition:all 0.4s ease-in-out;\n}\n<\/style>\n<a href='https:\/\/www.mgv.de\/de\/wp-content\/uploads\/dokument_14_deutsch.pdf'  class='avia-button av-jnk261a2-c18a2655797a3b65661c794a7a88df12 avia-icon_select-yes-left-icon avia-size-medium avia-position-left'  target=\"_blank\"  rel=\"noopener noreferrer\" ><span class='avia_button_icon avia_button_icon_left' aria-hidden='true' data-av_icon='\ue82d' data-av_iconfont='entypo-fontello'><\/span><span class='avia_iconbox_title' >PDF Dokument zum download<\/span><\/a><\/div><\/p><\/div><\/div><!--close column table wrapper. Autoclose: 1 -->\n<div class='flex_column_table av-jnjxpc95-a3c4c6027a0624299b07104e949b6bff sc-av_one_third av-equal-height-column-flextable'>\n<style type=\"text\/css\" data-created_by=\"avia_inline_auto\" id=\"style-css-av-jnjxpc95-a3c4c6027a0624299b07104e949b6bff\">\n.flex_column.av-jnjxpc95-a3c4c6027a0624299b07104e949b6bff{\n-webkit-border-radius:0px 0px 0px 0px;\n-moz-border-radius:0px 0px 0px 0px;\nborder-radius:0px 0px 0px 0px;\npadding:25px 25px 25px 25px;\n}\n<\/style>\n<div class='flex_column av-jnjxpc95-a3c4c6027a0624299b07104e949b6bff av_one_third  avia-builder-el-17  el_after_av_one_third  el_before_av_one_third  first no_margin flex_column_table_cell av-equal-height-column av-align-top column-top-margin'     ><p>\n<style type=\"text\/css\" data-created_by=\"avia_inline_auto\" id=\"style-css-av-jnegtikq-20ea269f4d9a3e29bc685a251f40cab7\">\n#top .av_textblock_section.av-jnegtikq-20ea269f4d9a3e29bc685a251f40cab7 .avia_textblock{\ncolor:#017655;\n}\n<\/style>\n<section  class='av_textblock_section av-jnegtikq-20ea269f4d9a3e29bc685a251f40cab7'  itemscope=\"itemscope\" itemtype=\"https:\/\/schema.org\/CreativeWork\" ><div class='avia_textblock av_inherit_color'  itemprop=\"text\" ><p><strong>Mit der Luftstr\u00f6mung<\/strong><\/p>\n<\/div><\/section><br \/>\n<section  class='av_textblock_section av-jnegtikq-9db2f7daf6df9d2e9c0bd6205c16c434'  itemscope=\"itemscope\" itemtype=\"https:\/\/schema.org\/CreativeWork\" ><div class='avia_textblock'  itemprop=\"text\" ><p>Wie Simulationssoftware den Entwicklungsprozess bei Netzteilen<br \/>\nwirkungsvoll erleichtert und verk\u00fcrzt<br \/>\nAutor: Dipl.-Ing. (FH) Timur Uludag, MGV<br \/>\nA&amp;D Automation &amp; Drives<\/p>\n<\/div><\/section><br \/>\n<div  class='avia-button-wrap av-jnk261a2-ef3c965ed0004c829f5122fcffab3c78-wrap avia-button-left  avia-builder-el-20  el_after_av_textblock  avia-builder-el-last '>\n<style type=\"text\/css\" data-created_by=\"avia_inline_auto\" id=\"style-css-av-jnk261a2-ef3c965ed0004c829f5122fcffab3c78\">\n#top #wrap_all .avia-button.av-jnk261a2-ef3c965ed0004c829f5122fcffab3c78{\nbackground-color:#0e7d5e;\nborder-color:#0e7d5e;\ncolor:#ffffff;\n-webkit-transition:all 0.4s ease-in-out;\n-moz-transition:all 0.4s ease-in-out;\n-ms-transition:all 0.4s ease-in-out;\n-o-transition:all 0.4s ease-in-out;\ntransition:all 0.4s ease-in-out;\n}\n<\/style>\n<a href='https:\/\/www.mgv.de\/de\/wp-content\/uploads\/dokument_12_deutsch.pdf'  class='avia-button av-jnk261a2-ef3c965ed0004c829f5122fcffab3c78 avia-icon_select-yes-left-icon avia-size-medium avia-position-left'  target=\"_blank\"  rel=\"noopener noreferrer\" ><span class='avia_button_icon avia_button_icon_left' aria-hidden='true' data-av_icon='\ue82d' data-av_iconfont='entypo-fontello'><\/span><span class='avia_iconbox_title' >PDF Dokument zum download<\/span><\/a><\/div><\/p><\/div>\n\n<style type=\"text\/css\" data-created_by=\"avia_inline_auto\" id=\"style-css-av-jnjxpc95-1cb759c8a37a62b0b7d770673f53d69b\">\n.flex_column.av-jnjxpc95-1cb759c8a37a62b0b7d770673f53d69b{\n-webkit-border-radius:0px 0px 0px 0px;\n-moz-border-radius:0px 0px 0px 0px;\nborder-radius:0px 0px 0px 0px;\npadding:25px 25px 25px 25px;\n}\n<\/style>\n<div class='flex_column av-jnjxpc95-1cb759c8a37a62b0b7d770673f53d69b av_one_third  avia-builder-el-21  el_after_av_one_third  el_before_av_one_third  no_margin flex_column_table_cell av-equal-height-column av-align-top column-top-margin'     ><p>\n<style type=\"text\/css\" data-created_by=\"avia_inline_auto\" id=\"style-css-av-jnegtikq-20ea269f4d9a3e29bc685a251f40cab7\">\n#top .av_textblock_section.av-jnegtikq-20ea269f4d9a3e29bc685a251f40cab7 .avia_textblock{\ncolor:#017655;\n}\n<\/style>\n<section  class='av_textblock_section av-jnegtikq-20ea269f4d9a3e29bc685a251f40cab7'  itemscope=\"itemscope\" itemtype=\"https:\/\/schema.org\/CreativeWork\" ><div class='avia_textblock av_inherit_color'  itemprop=\"text\" ><p><strong>Energier\u00fcckspeisung beim Dauertest von Netzteilen<\/strong><\/p>\n<\/div><\/section><br \/>\n<section  class='av_textblock_section av-jnegtikq-9db2f7daf6df9d2e9c0bd6205c16c434'  itemscope=\"itemscope\" itemtype=\"https:\/\/schema.org\/CreativeWork\" ><div class='avia_textblock'  itemprop=\"text\" ><p>Gen\u00fcgsame &#8222;Folterkammern&#8220; f\u00fcr Pr\u00fcflinge<br \/>\nAutor: Dipl.-Ing. Ulrich Herrmann, MGV<br \/>\nEnergy 2.0-Kompendium<\/p>\n<\/div><\/section><br \/>\n\n<style type=\"text\/css\" data-created_by=\"avia_inline_auto\" id=\"style-css-av-joo6scnl-eb5c69be8bca1f3a74979cbe9edb004f\">\n#top .hr.hr-invisible.av-joo6scnl-eb5c69be8bca1f3a74979cbe9edb004f{\nheight:24px;\n}\n<\/style>\n<div  class='hr av-joo6scnl-eb5c69be8bca1f3a74979cbe9edb004f hr-invisible  avia-builder-el-24  el_after_av_textblock  el_before_av_button '><span class='hr-inner '><span class=\"hr-inner-style\"><\/span><\/span><\/div><br \/>\n<div  class='avia-button-wrap av-jnk261a2-7d9cf1434687a83b93d5c3b4370583ec-wrap avia-button-left  avia-builder-el-25  el_after_av_hr  avia-builder-el-last '>\n<style type=\"text\/css\" data-created_by=\"avia_inline_auto\" id=\"style-css-av-jnk261a2-7d9cf1434687a83b93d5c3b4370583ec\">\n#top #wrap_all .avia-button.av-jnk261a2-7d9cf1434687a83b93d5c3b4370583ec{\nbackground-color:#0e7d5e;\nborder-color:#0e7d5e;\ncolor:#ffffff;\n-webkit-transition:all 0.4s ease-in-out;\n-moz-transition:all 0.4s ease-in-out;\n-ms-transition:all 0.4s ease-in-out;\n-o-transition:all 0.4s ease-in-out;\ntransition:all 0.4s ease-in-out;\n}\n<\/style>\n<a href='https:\/\/www.mgv.de\/de\/wp-content\/uploads\/dokument_10_deutsch.pdf'  class='avia-button av-jnk261a2-7d9cf1434687a83b93d5c3b4370583ec avia-icon_select-yes-left-icon avia-size-medium avia-position-left'  target=\"_blank\"  rel=\"noopener noreferrer\" ><span class='avia_button_icon avia_button_icon_left' aria-hidden='true' data-av_icon='\ue82d' data-av_iconfont='entypo-fontello'><\/span><span class='avia_iconbox_title' >PDF Dokument zum download<\/span><\/a><\/div><\/p><\/div>\n\n<style type=\"text\/css\" data-created_by=\"avia_inline_auto\" id=\"style-css-av-jnjxpc95-1cb759c8a37a62b0b7d770673f53d69b\">\n.flex_column.av-jnjxpc95-1cb759c8a37a62b0b7d770673f53d69b{\n-webkit-border-radius:0px 0px 0px 0px;\n-moz-border-radius:0px 0px 0px 0px;\nborder-radius:0px 0px 0px 0px;\npadding:25px 25px 25px 25px;\n}\n<\/style>\n<div class='flex_column av-jnjxpc95-1cb759c8a37a62b0b7d770673f53d69b av_one_third  avia-builder-el-26  el_after_av_one_third  el_before_av_one_third  no_margin flex_column_table_cell av-equal-height-column av-align-top column-top-margin'     ><p>\n<style type=\"text\/css\" data-created_by=\"avia_inline_auto\" id=\"style-css-av-jnegtikq-20ea269f4d9a3e29bc685a251f40cab7\">\n#top .av_textblock_section.av-jnegtikq-20ea269f4d9a3e29bc685a251f40cab7 .avia_textblock{\ncolor:#017655;\n}\n<\/style>\n<section  class='av_textblock_section av-jnegtikq-20ea269f4d9a3e29bc685a251f40cab7'  itemscope=\"itemscope\" itemtype=\"https:\/\/schema.org\/CreativeWork\" ><div class='avia_textblock av_inherit_color'  itemprop=\"text\" ><p><strong>Sauberer Strom f\u00fcr die Simulation<\/strong><\/p>\n<\/div><\/section><br \/>\n<section  class='av_textblock_section av-jnegtikq-9db2f7daf6df9d2e9c0bd6205c16c434'  itemscope=\"itemscope\" itemtype=\"https:\/\/schema.org\/CreativeWork\" ><div class='avia_textblock'  itemprop=\"text\" ><p>Applikationsbericht P2060: IRS Systementwicklung GmbH, Brennberg<br \/>\nAutor: Dipl.-Ing. Tom Weber<br \/>\nIEE<\/p>\n<\/div><\/section><br \/>\n\n<style type=\"text\/css\" data-created_by=\"avia_inline_auto\" id=\"style-css-av-joo6scnl-eb5c69be8bca1f3a74979cbe9edb004f\">\n#top .hr.hr-invisible.av-joo6scnl-eb5c69be8bca1f3a74979cbe9edb004f{\nheight:24px;\n}\n<\/style>\n<div  class='hr av-joo6scnl-eb5c69be8bca1f3a74979cbe9edb004f hr-invisible  avia-builder-el-29  el_after_av_textblock  el_before_av_button '><span class='hr-inner '><span class=\"hr-inner-style\"><\/span><\/span><\/div><br \/>\n<div  class='avia-button-wrap av-jnk261a2-9a7fae532079e44f4746d4c19ec1f290-wrap avia-button-left  avia-builder-el-30  el_after_av_hr  avia-builder-el-last '>\n<style type=\"text\/css\" data-created_by=\"avia_inline_auto\" id=\"style-css-av-jnk261a2-9a7fae532079e44f4746d4c19ec1f290\">\n#top #wrap_all .avia-button.av-jnk261a2-9a7fae532079e44f4746d4c19ec1f290{\nbackground-color:#0e7d5e;\nborder-color:#0e7d5e;\ncolor:#ffffff;\n-webkit-transition:all 0.4s ease-in-out;\n-moz-transition:all 0.4s ease-in-out;\n-ms-transition:all 0.4s ease-in-out;\n-o-transition:all 0.4s ease-in-out;\ntransition:all 0.4s ease-in-out;\n}\n<\/style>\n<a href='https:\/\/www.mgv.de\/de\/wp-content\/uploads\/dokument_1_deutsch.pdf'  class='avia-button av-jnk261a2-9a7fae532079e44f4746d4c19ec1f290 avia-icon_select-yes-left-icon avia-size-medium avia-position-left'  target=\"_blank\"  rel=\"noopener noreferrer\" ><span class='avia_button_icon avia_button_icon_left' aria-hidden='true' data-av_icon='\ue82d' data-av_iconfont='entypo-fontello'><\/span><span class='avia_iconbox_title' >PDF Dokument zum download<\/span><\/a><\/div><\/p><\/div><\/div><!--close column table wrapper. Autoclose: 1 -->\n<div class='flex_column_table av-jnjxpc95-21afda7b7c0a2440f3106bc24d6c1866 sc-av_one_third av-equal-height-column-flextable'>\n<style type=\"text\/css\" data-created_by=\"avia_inline_auto\" id=\"style-css-av-jnjxpc95-21afda7b7c0a2440f3106bc24d6c1866\">\n.flex_column.av-jnjxpc95-21afda7b7c0a2440f3106bc24d6c1866{\n-webkit-border-radius:0px 0px 0px 0px;\n-moz-border-radius:0px 0px 0px 0px;\nborder-radius:0px 0px 0px 0px;\npadding:25px 25px 25px 25px;\nbackground-color:#f2f8f6;\n}\n<\/style>\n<div class='flex_column av-jnjxpc95-21afda7b7c0a2440f3106bc24d6c1866 av_one_third  avia-builder-el-31  el_after_av_one_third  el_before_av_hr  first no_margin flex_column_table_cell av-equal-height-column av-align-top column-top-margin'     ><p>\n<style type=\"text\/css\" data-created_by=\"avia_inline_auto\" id=\"style-css-av-jnegtikq-20ea269f4d9a3e29bc685a251f40cab7\">\n#top .av_textblock_section.av-jnegtikq-20ea269f4d9a3e29bc685a251f40cab7 .avia_textblock{\ncolor:#017655;\n}\n<\/style>\n<section  class='av_textblock_section av-jnegtikq-20ea269f4d9a3e29bc685a251f40cab7'  itemscope=\"itemscope\" itemtype=\"https:\/\/schema.org\/CreativeWork\" ><div class='avia_textblock av_inherit_color'  itemprop=\"text\" ><p><strong>Schaltnetzteile parallel geschaltet<\/strong><\/p>\n<\/div><\/section><br \/>\n<section  class='av_textblock_section av-jnegtikq-9db2f7daf6df9d2e9c0bd6205c16c434'  itemscope=\"itemscope\" itemtype=\"https:\/\/schema.org\/CreativeWork\" ><div class='avia_textblock'  itemprop=\"text\" ><p><span class=\"fontstyle0\">Technische Details zur passiven Stromaufteilung<br \/>\nAutor: Dipl.-Ing. (FH) Martin Rosenbaum, MGV<\/span><\/p>\n<\/div><\/section><br \/>\n<div  class='avia-button-wrap av-jnk261a2-2fbaa50b1169165168673881282853c2-wrap avia-button-left  avia-builder-el-34  el_after_av_textblock  avia-builder-el-last '>\n<style type=\"text\/css\" data-created_by=\"avia_inline_auto\" id=\"style-css-av-jnk261a2-2fbaa50b1169165168673881282853c2\">\n#top #wrap_all .avia-button.av-jnk261a2-2fbaa50b1169165168673881282853c2{\nbackground-color:#0e7d5e;\nborder-color:#0e7d5e;\ncolor:#ffffff;\n-webkit-transition:all 0.4s ease-in-out;\n-moz-transition:all 0.4s ease-in-out;\n-ms-transition:all 0.4s ease-in-out;\n-o-transition:all 0.4s ease-in-out;\ntransition:all 0.4s ease-in-out;\n}\n<\/style>\n<a href='https:\/\/www.mgv.de\/de\/wp-content\/uploads\/dokument_13_deutsch.pdf'  class='avia-button av-jnk261a2-2fbaa50b1169165168673881282853c2 avia-icon_select-yes-left-icon avia-size-medium avia-position-left'  target=\"_blank\"  rel=\"noopener noreferrer\" ><span class='avia_button_icon avia_button_icon_left' aria-hidden='true' data-av_icon='\ue82d' data-av_iconfont='entypo-fontello'><\/span><span class='avia_iconbox_title' >PDF Dokument zum download<\/span><\/a><\/div><\/p><\/div><\/div><!--close column table wrapper. Autoclose: 1 -->\n\n<style type=\"text\/css\" data-created_by=\"avia_inline_auto\" id=\"style-css-av-jneqkf2z-cf6587c9667d1e1117d162b199ea704b\">\n#top .hr.hr-invisible.av-jneqkf2z-cf6587c9667d1e1117d162b199ea704b{\nheight:40px;\n}\n<\/style>\n<div  class='hr av-jneqkf2z-cf6587c9667d1e1117d162b199ea704b hr-invisible  avia-builder-el-35  el_after_av_one_third  avia-builder-el-last '><span class='hr-inner '><span class=\"hr-inner-style\"><\/span><\/span><\/div>\n","protected":false},"excerpt":{"rendered":"","protected":false},"author":1,"featured_media":0,"parent":0,"menu_order":0,"comment_status":"closed","ping_status":"closed","template":"","meta":[],"_links":{"self":[{"href":"https:\/\/www.mgv.de\/de\/wp-json\/wp\/v2\/pages\/186"}],"collection":[{"href":"https:\/\/www.mgv.de\/de\/wp-json\/wp\/v2\/pages"}],"about":[{"href":"https:\/\/www.mgv.de\/de\/wp-json\/wp\/v2\/types\/page"}],"author":[{"embeddable":true,"href":"https:\/\/www.mgv.de\/de\/wp-json\/wp\/v2\/users\/1"}],"replies":[{"embeddable":true,"href":"https:\/\/www.mgv.de\/de\/wp-json\/wp\/v2\/comments?post=186"}],"version-history":[{"count":16,"href":"https:\/\/www.mgv.de\/de\/wp-json\/wp\/v2\/pages\/186\/revisions"}],"predecessor-version":[{"id":1051,"href":"https:\/\/www.mgv.de\/de\/wp-json\/wp\/v2\/pages\/186\/revisions\/1051"}],"wp:attachment":[{"href":"https:\/\/www.mgv.de\/de\/wp-json\/wp\/v2\/media?parent=186"}],"curies":[{"name":"wp","href":"https:\/\/api.w.org\/{rel}","templated":true}]}}