{"id":410,"date":"2018-10-22T09:16:16","date_gmt":"2018-10-22T09:16:16","guid":{"rendered":"https:\/\/www.mgv.de\/de\/?page_id=410"},"modified":"2022-02-07T10:15:20","modified_gmt":"2022-02-07T10:15:20","slug":"firmengruppe","status":"publish","type":"page","link":"https:\/\/www.mgv.de\/de\/firmengruppe\/","title":{"rendered":"Firmengruppe"},"content":{"rendered":"<div id='layer_slider_1'  class='avia-layerslider main_color avia-shadow  avia-builder-el-0  el_before_av_one_fourth  avia-builder-el-first  container_wrap fullsize'  style='height: 272px;'  ><\/div><div id='after_layer_slider_1'  class='main_color av_default_container_wrap container_wrap fullsize'  ><div class='container av-section-cont-open' ><div class='template-page content  av-content-full alpha units'><div class='post-entry post-entry-type-page post-entry-410'><div class='entry-content-wrapper clearfix'>\n<div class='flex_column_table av-jnegrvj3-0ff2d2f8252cd65bd6990bcb88412b80 sc-av_one_fourth av-equal-height-column-flextable'>\n<style type=\"text\/css\" data-created_by=\"avia_inline_auto\" id=\"style-css-av-jnegrvj3-0ff2d2f8252cd65bd6990bcb88412b80\">\n.flex_column.av-jnegrvj3-0ff2d2f8252cd65bd6990bcb88412b80{\n-webkit-border-radius:0px 0px 0px 0px;\n-moz-border-radius:0px 0px 0px 0px;\nborder-radius:0px 0px 0px 0px;\npadding:0px 0px 0px 0px;\n}\n<\/style>\n<div class='flex_column av-jnegrvj3-0ff2d2f8252cd65bd6990bcb88412b80 av_one_fourth  avia-builder-el-1  el_after_av_layerslider  el_before_av_three_fourth  avia-builder-el-first  first no_margin flex_column_table_cell av-equal-height-column av-align-top av-zero-column-padding '     ><style type=\"text\/css\" data-created_by=\"avia_inline_auto\" id=\"style-css-av-jnegrazq-3f28bf4ed697184f8a90c83df3108ec1\">\n.avia-image-container.av-jnegrazq-3f28bf4ed697184f8a90c83df3108ec1 img.avia_image{\nbox-shadow:none;\n}\n.avia-image-container.av-jnegrazq-3f28bf4ed697184f8a90c83df3108ec1 .av-image-caption-overlay-center{\ncolor:#ffffff;\n}\n<\/style>\n<div  class='avia-image-container av-jnegrazq-3f28bf4ed697184f8a90c83df3108ec1 av-styling- avia-align-left  avia-builder-el-2  avia-builder-el-no-sibling '   itemprop=\"image\" itemscope=\"itemscope\" itemtype=\"https:\/\/schema.org\/ImageObject\" ><div class=\"avia-image-container-inner\"><div class=\"avia-image-overlay-wrap\"><img class='wp-image-408 avia-img-lazy-loading-not-408 avia_image ' src='https:\/\/www.mgv.de\/de\/wp-content\/uploads\/f2-18.jpg' alt='' title='mgv'  height=\"177\" width=\"252\"  itemprop=\"thumbnailUrl\"  \/><\/div><\/div><\/div><\/div>\n\n<style type=\"text\/css\" data-created_by=\"avia_inline_auto\" id=\"style-css-av-jnegrvj3-016d089af457856a0151b3eb163ed53c\">\n.flex_column.av-jnegrvj3-016d089af457856a0151b3eb163ed53c{\n-webkit-border-radius:0px 0px 0px 0px;\n-moz-border-radius:0px 0px 0px 0px;\nborder-radius:0px 0px 0px 0px;\npadding:0px 0px 0px 0px;\n}\n<\/style>\n<div class='flex_column av-jnegrvj3-016d089af457856a0151b3eb163ed53c av_three_fourth  avia-builder-el-3  el_after_av_one_fourth  el_before_av_hr  no_margin flex_column_table_cell av-equal-height-column av-align-top av-zero-column-padding '     ><section  class='av_textblock_section av-jneglox4-ab0cdc6eaaeb049f850eb5d6ea287ee0'  itemscope=\"itemscope\" itemtype=\"https:\/\/schema.org\/CreativeWork\" ><div class='avia_textblock'  itemprop=\"text\" ><h3><span class=\"fontstyle0\">Firmengruppe<br \/>\n<\/span><\/h3>\n<\/div><\/section><br \/>\n<div  class='hr av-jnegpvui-ed25bf715551f6e81073cdb81e1aeb2d hr-short  avia-builder-el-5  el_after_av_textblock  el_before_av_textblock  hr-left'><span class='hr-inner '><span class=\"hr-inner-style\"><\/span><\/span><\/div><br \/>\n<section  class='av_textblock_section av-jnegtikq-9db2f7daf6df9d2e9c0bd6205c16c434'  itemscope=\"itemscope\" itemtype=\"https:\/\/schema.org\/CreativeWork\" ><div class='avia_textblock'  itemprop=\"text\" ><p><strong><span class=\"fontstyle0\">MGV ist seit 2004 Mitglied der PULS-Firmengruppe:<\/span><br \/>\n<\/strong><br \/>\n<strong>PULS GmbH<\/strong><br \/>\nElektrastra\u00dfe 6<br \/>\n81925 M\u00fcnchen<br \/>\nDeutschland<br \/>\n+49 89 9278 0<br \/>\ncontact-muc@pulspower.com<br \/>\n<a href=\"http:\/\/www.pulspower.com\"><u>www.pulspower.com<\/u><\/a><\/p>\n<\/div><\/section><\/p><\/div><\/div><!--close column table wrapper. Autoclose: 1 --><div  class='hr av-t19qe-80f58921454e74badb3d411dcb453eb2 hr-default  avia-builder-el-7  el_after_av_three_fourth  el_before_av_one_full '><span class='hr-inner '><span class=\"hr-inner-style\"><\/span><\/span><\/div><\/p>\n<div class='flex_column_table av-jnjxpc95-21afda7b7c0a2440f3106bc24d6c1866 sc-av_one_full av-equal-height-column-flextable'>\n<style type=\"text\/css\" data-created_by=\"avia_inline_auto\" id=\"style-css-av-jnjxpc95-21afda7b7c0a2440f3106bc24d6c1866\">\n.flex_column.av-jnjxpc95-21afda7b7c0a2440f3106bc24d6c1866{\n-webkit-border-radius:0px 0px 0px 0px;\n-moz-border-radius:0px 0px 0px 0px;\nborder-radius:0px 0px 0px 0px;\npadding:25px 25px 25px 25px;\nbackground-color:#f2f8f6;\n}\n<\/style>\n<div class='flex_column av-jnjxpc95-21afda7b7c0a2440f3106bc24d6c1866 av_one_full  avia-builder-el-8  el_after_av_hr  el_before_av_hr  first no_margin flex_column_table_cell av-equal-height-column av-align-top '     ><p>\n<style type=\"text\/css\" data-created_by=\"avia_inline_auto\" id=\"style-css-av-jnegtikq-20ea269f4d9a3e29bc685a251f40cab7\">\n#top .av_textblock_section.av-jnegtikq-20ea269f4d9a3e29bc685a251f40cab7 .avia_textblock{\ncolor:#017655;\n}\n<\/style>\n<section  class='av_textblock_section av-jnegtikq-20ea269f4d9a3e29bc685a251f40cab7'  itemscope=\"itemscope\" itemtype=\"https:\/\/schema.org\/CreativeWork\" ><div class='avia_textblock av_inherit_color'  itemprop=\"text\" ><p><strong>\u00dcber PULS<br \/>\n<\/strong><\/p>\n<\/div><\/section><br \/>\n<section  class='av_textblock_section av-jnegtikq-9db2f7daf6df9d2e9c0bd6205c16c434'  itemscope=\"itemscope\" itemtype=\"https:\/\/schema.org\/CreativeWork\" ><div class='avia_textblock'  itemprop=\"text\" ><p><strong>PULS<\/strong> ist Hersteller von Stromversorgungen f\u00fcr die DIN-Schiene mit dem Fokus auf Standard Netzteile. Das inhabergef\u00fchrte Unternehmen hat seinen Hauptsitz in M\u00fcnchen.<\/p>\n<p>Als zuverl\u00e4ssiger Partner und Hersteller von technologisch f\u00fchrenden Schaltnetzteilen unterst\u00fctzt die PULS GmbH weltweit ihre anspruchsvollen Industriekunden in h\u00f6chster Qualit\u00e4t. Mit ihren innovativen Ideen in der elektronischen Entwicklung sowie dem hohen funktionalen mechanischen Design der Ger\u00e4te, gilt PULS als Technologief\u00fchrer.<\/p>\n<\/div><\/section><\/p><\/div><\/div><!--close column table wrapper. Autoclose: 1 -->\n\n<style type=\"text\/css\" data-created_by=\"avia_inline_auto\" id=\"style-css-av-jneqkf2z-cf6587c9667d1e1117d162b199ea704b\">\n#top .hr.hr-invisible.av-jneqkf2z-cf6587c9667d1e1117d162b199ea704b{\nheight:40px;\n}\n<\/style>\n<div  class='hr av-jneqkf2z-cf6587c9667d1e1117d162b199ea704b hr-invisible  avia-builder-el-11  el_after_av_one_full  avia-builder-el-last '><span class='hr-inner '><span class=\"hr-inner-style\"><\/span><\/span><\/div>\n","protected":false},"excerpt":{"rendered":"","protected":false},"author":1,"featured_media":0,"parent":0,"menu_order":0,"comment_status":"closed","ping_status":"closed","template":"","meta":[],"_links":{"self":[{"href":"https:\/\/www.mgv.de\/de\/wp-json\/wp\/v2\/pages\/410"}],"collection":[{"href":"https:\/\/www.mgv.de\/de\/wp-json\/wp\/v2\/pages"}],"about":[{"href":"https:\/\/www.mgv.de\/de\/wp-json\/wp\/v2\/types\/page"}],"author":[{"embeddable":true,"href":"https:\/\/www.mgv.de\/de\/wp-json\/wp\/v2\/users\/1"}],"replies":[{"embeddable":true,"href":"https:\/\/www.mgv.de\/de\/wp-json\/wp\/v2\/comments?post=410"}],"version-history":[{"count":16,"href":"https:\/\/www.mgv.de\/de\/wp-json\/wp\/v2\/pages\/410\/revisions"}],"predecessor-version":[{"id":1135,"href":"https:\/\/www.mgv.de\/de\/wp-json\/wp\/v2\/pages\/410\/revisions\/1135"}],"wp:attachment":[{"href":"https:\/\/www.mgv.de\/de\/wp-json\/wp\/v2\/media?parent=410"}],"curies":[{"name":"wp","href":"https:\/\/api.w.org\/{rel}","templated":true}]}}