{"id":426,"date":"2018-10-22T09:32:37","date_gmt":"2018-10-22T09:32:37","guid":{"rendered":"https:\/\/www.mgv.de\/de\/?page_id=426"},"modified":"2022-11-29T12:24:44","modified_gmt":"2022-11-29T12:24:44","slug":"imprint","status":"publish","type":"page","link":"https:\/\/www.mgv.de\/de\/imprint\/","title":{"rendered":"Imprint"},"content":{"rendered":"\n<style type=\"text\/css\" data-created_by=\"avia_inline_auto\" id=\"style-css-av-jnegrvj3-2c9ffaecec94450d7c6096f9a97275ab\">\n.flex_column.av-jnegrvj3-2c9ffaecec94450d7c6096f9a97275ab{\n-webkit-border-radius:0px 0px 0px 0px;\n-moz-border-radius:0px 0px 0px 0px;\nborder-radius:0px 0px 0px 0px;\npadding:0px 0px 0px 0px;\n}\n<\/style>\n<div class='flex_column av-jnegrvj3-2c9ffaecec94450d7c6096f9a97275ab av_one_full  avia-builder-el-0  el_before_av_hr  avia-builder-el-first  first no_margin flex_column_div av-zero-column-padding '     ><section  class='av_textblock_section av-jneglox4-ab0cdc6eaaeb049f850eb5d6ea287ee0'  itemscope=\"itemscope\" itemtype=\"https:\/\/schema.org\/CreativeWork\" ><div class='avia_textblock'  itemprop=\"text\" ><h3>Impressum<\/h3>\n<\/div><\/section><br \/>\n<div  class='hr av-jnegpvui-ed25bf715551f6e81073cdb81e1aeb2d hr-short  avia-builder-el-2  el_after_av_textblock  el_before_av_textblock  hr-left'><span class='hr-inner '><span class=\"hr-inner-style\"><\/span><\/span><\/div><br \/>\n<section  class='av_textblock_section av-jnegtikq-19fe362ac2286c013a663dcf66623ec2'  itemscope=\"itemscope\" itemtype=\"https:\/\/schema.org\/CreativeWork\" ><div class='avia_textblock'  itemprop=\"text\" ><p><strong>MGV Stromversorgungen GmbH<\/strong><\/p>\n<p>Elektrastr. 6<br \/>\n81925 M\u00fcnchen<br \/>\nDeutschland<br \/>\nTel.\u00a0 +49 89 9278 0<br \/>\nFax: +49 89 9278 299<br \/>\ninfo@mgv.de<\/p>\n<p>Gesch\u00e4ftsf\u00fchrer: Bernhard Erdl<br \/>\nRegistergericht: Amtsgericht M\u00fcnchen, HRB 66928<br \/>\nUmsatzsteueridentifikationsnummer: DE 129415244<\/p>\n<\/div><\/section><\/p><\/div><div  class='hr av-t19qe-80f58921454e74badb3d411dcb453eb2 hr-default  avia-builder-el-4  el_after_av_one_full  el_before_av_textblock '><span class='hr-inner '><span class=\"hr-inner-style\"><\/span><\/span><\/div><\/p>\n\n<style type=\"text\/css\" data-created_by=\"avia_inline_auto\" id=\"style-css-av-jnegtikq-4-29991ee9331e86da1c1dbac6a8caddc6\">\n#top .av_textblock_section.av-jnegtikq-4-29991ee9331e86da1c1dbac6a8caddc6 .avia_textblock{\ncolor:#017655;\n}\n<\/style>\n<section  class='av_textblock_section av-jnegtikq-4-29991ee9331e86da1c1dbac6a8caddc6'  itemscope=\"itemscope\" itemtype=\"https:\/\/schema.org\/CreativeWork\" ><div class='avia_textblock av_inherit_color'  itemprop=\"text\" ><p><strong>Haftungsausschluss<\/strong><\/p>\n<\/div><\/section>\n<section  class='av_textblock_section av-jnegtikq-3-5b14c8a96bb015b535c972aa51f05e49'  itemscope=\"itemscope\" itemtype=\"https:\/\/schema.org\/CreativeWork\" ><div class='avia_textblock'  itemprop=\"text\" ><p>MGV kann trotz sorgf\u00e4ltiger Bearbeitung keine Haftung daf\u00fcr \u00fcbernehmen, dass die auf dieser Web Site bereitgestellten Informationen vollst\u00e4ndig, richtig und auf dem neuesten Stand sind. MGV beh\u00e4lt sich das Recht vor, ohne vorherige Ank\u00fcndigung \u00c4nderungen oder Erg\u00e4nzungen der bereitgestellten Informationen vorzunehmen.<\/p>\n<\/div><\/section>\n\n<style type=\"text\/css\" data-created_by=\"avia_inline_auto\" id=\"style-css-av-jnegtikq-2-4f136c1e0ca672b7c68b326496f6434e\">\n#top .av_textblock_section.av-jnegtikq-2-4f136c1e0ca672b7c68b326496f6434e .avia_textblock{\ncolor:#017655;\n}\n<\/style>\n<section  class='av_textblock_section av-jnegtikq-2-4f136c1e0ca672b7c68b326496f6434e'  itemscope=\"itemscope\" itemtype=\"https:\/\/schema.org\/CreativeWork\" ><div class='avia_textblock av_inherit_color'  itemprop=\"text\" ><p><strong>Copyright<\/strong><\/p>\n<\/div><\/section>\n<section  class='av_textblock_section av-jnegtikq-1-de406ce74a41b8aaf2a0d7687d6d1b03'  itemscope=\"itemscope\" itemtype=\"https:\/\/schema.org\/CreativeWork\" ><div class='avia_textblock'  itemprop=\"text\" ><p>S\u00e4mtliche Texte, Bilder und andere auf der Internetseite ver\u00f6ffentlichten Werke unterliegen &#8211; sofern nicht anders gekennzeichnet &#8211; dem Schutz des Urheberrechts und anderen Schutzgesetzen. Alle Markenzeichen, insbesondere das MGV-Logo, sind markenrechtlich gesch\u00fctzt. Jede Vervielf\u00e4ltigung, Verbreitung, Speicherung, \u00dcbermittlung, Sendung und Wieder- bzw. Weitergabe der Inhalte ist ohne schriftliche Genehmigung der MGV GmbH ausdr\u00fccklich untersagt. Ausgenommen sind der ausdr\u00fccklich angebotene Download von Produktdatenbl\u00e4ttern f\u00fcr eigene Zwecke und von Pressemitteilungen und Pressefotos durch Journalisten im Rahmen der Berichterstattung \u00fcber MGV.<\/p>\n<\/div><\/section>\n","protected":false},"excerpt":{"rendered":"","protected":false},"author":1,"featured_media":0,"parent":0,"menu_order":0,"comment_status":"closed","ping_status":"closed","template":"","meta":[],"_links":{"self":[{"href":"https:\/\/www.mgv.de\/de\/wp-json\/wp\/v2\/pages\/426"}],"collection":[{"href":"https:\/\/www.mgv.de\/de\/wp-json\/wp\/v2\/pages"}],"about":[{"href":"https:\/\/www.mgv.de\/de\/wp-json\/wp\/v2\/types\/page"}],"author":[{"embeddable":true,"href":"https:\/\/www.mgv.de\/de\/wp-json\/wp\/v2\/users\/1"}],"replies":[{"embeddable":true,"href":"https:\/\/www.mgv.de\/de\/wp-json\/wp\/v2\/comments?post=426"}],"version-history":[{"count":15,"href":"https:\/\/www.mgv.de\/de\/wp-json\/wp\/v2\/pages\/426\/revisions"}],"predecessor-version":[{"id":1155,"href":"https:\/\/www.mgv.de\/de\/wp-json\/wp\/v2\/pages\/426\/revisions\/1155"}],"wp:attachment":[{"href":"https:\/\/www.mgv.de\/de\/wp-json\/wp\/v2\/media?parent=426"}],"curies":[{"name":"wp","href":"https:\/\/api.w.org\/{rel}","templated":true}]}}