{"id":431,"date":"2018-10-22T09:39:55","date_gmt":"2018-10-22T09:39:55","guid":{"rendered":"https:\/\/www.mgv.de\/de\/?page_id=431"},"modified":"2022-02-07T10:13:18","modified_gmt":"2022-02-07T10:13:18","slug":"data-protection-policy","status":"publish","type":"page","link":"https:\/\/www.mgv.de\/de\/data-protection-policy\/","title":{"rendered":"Data Protection Policy"},"content":{"rendered":"\n<style type=\"text\/css\" data-created_by=\"avia_inline_auto\" id=\"style-css-av-jnegrvj3-2c9ffaecec94450d7c6096f9a97275ab\">\n.flex_column.av-jnegrvj3-2c9ffaecec94450d7c6096f9a97275ab{\n-webkit-border-radius:0px 0px 0px 0px;\n-moz-border-radius:0px 0px 0px 0px;\nborder-radius:0px 0px 0px 0px;\npadding:0px 0px 0px 0px;\n}\n<\/style>\n<div class='flex_column av-jnegrvj3-2c9ffaecec94450d7c6096f9a97275ab av_one_full  avia-builder-el-0  el_before_av_textblock  avia-builder-el-first  first no_margin flex_column_div av-zero-column-padding '     ><section  class='av_textblock_section av-jneglox4-ab0cdc6eaaeb049f850eb5d6ea287ee0'  itemscope=\"itemscope\" itemtype=\"https:\/\/schema.org\/CreativeWork\" ><div class='avia_textblock'  itemprop=\"text\" ><h3>Datenschutzerkl\u00e4rung<\/h3>\n<\/div><\/section><br \/>\n<div  class='hr av-jnegpvui-ed25bf715551f6e81073cdb81e1aeb2d hr-short  avia-builder-el-2  el_after_av_textblock  avia-builder-el-last  hr-left'><span class='hr-inner '><span class=\"hr-inner-style\"><\/span><\/span><\/div><\/p><\/div>\n\n<style type=\"text\/css\" data-created_by=\"avia_inline_auto\" id=\"style-css-av-jnegtikq-20ea269f4d9a3e29bc685a251f40cab7\">\n#top .av_textblock_section.av-jnegtikq-20ea269f4d9a3e29bc685a251f40cab7 .avia_textblock{\ncolor:#017655;\n}\n<\/style>\n<section  class='av_textblock_section av-jnegtikq-20ea269f4d9a3e29bc685a251f40cab7'  itemscope=\"itemscope\" itemtype=\"https:\/\/schema.org\/CreativeWork\" ><div class='avia_textblock av_inherit_color'  itemprop=\"text\" ><p><strong>Datenschutz-Information<\/strong><\/p>\n<\/div><\/section>\n<section  class='av_textblock_section av-jnegtikq-9db2f7daf6df9d2e9c0bd6205c16c434'  itemscope=\"itemscope\" itemtype=\"https:\/\/schema.org\/CreativeWork\" ><div class='avia_textblock'  itemprop=\"text\" ><p>Wir begr\u00fc\u00dfen Sie bei Ihrem Besuch auf unserer Webseite und freuen uns \u00fcber Ihr Interesse an unserem Unternehmen. Der Schutz Ihrer personenbezogenen Daten ist uns ein wichtiges Anliegen. Wir verarbeiten Ihre Daten in \u00dcbereinstimmung mit den anwendbaren Rechtsvorschriften zum Schutz personenbezogener Daten, insbesondere der EU Datenschutz-Grundverordnung (EU-DS-GVO) und den f\u00fcr unser Unternehmen geltenden landesspezifischen Ausf\u00fchrungsgesetzen.<\/p>\n<p>Unsere Datenschutzerkl\u00e4rung erl\u00e4utert Ihnen, welche pers\u00f6nlichen Daten wir \u00fcber unsere Webseite von Ihnen erheben, wof\u00fcr wir diese verwenden, wann wir diese l\u00f6schen und wie Ihre Daten durch Sicherheitsma\u00dfnahmen bestm\u00f6glich gesch\u00fctzt werden. Zudem teilen wir Ihnen die jeweilige Rechtsgrundlage mit, die uns die entsprechende Datenverarbeitung erlaubt.<\/p>\n<p>Au\u00dferdem werden Sie \u00fcber Ihre gesetzlich festgelegten Rechte im Zusammenhang mit der Verarbeitung dieser Daten informiert.<\/p>\n<p>Personenbezogene Daten sind diejenigen Informationen, die eine Identifizierung einer nat\u00fcrlichen Person m\u00f6glich machen. Dazu geh\u00f6ren insbesondere Name, Geburtsdatum, Adresse, Telefonnummer, E-Mail-Adresse, aber auch Ihre IP-Adresse.<\/p>\n<p>Anonyme Daten liegen vor, wenn keinerlei Personenbezug zum Nutzer hergestellt werden kann.<\/p>\n<p>Verantwortliche Stelle im Sinne des Datenschutzrechts ist:<\/p>\n<p>MGV Stromversorgungen GmbH<br \/>\nElektrastr. 6<br \/>\n81925 M\u00fcnchen<br \/>\nDeutschland<\/p>\n<\/div><\/section>\n<section  class='av_textblock_section av-jnegtikq-39abfa2cacfbde72011bfb0069f48c83'  itemscope=\"itemscope\" itemtype=\"https:\/\/schema.org\/CreativeWork\" ><div class='avia_textblock av_inherit_color'  itemprop=\"text\" ><p><strong><br \/>\n<span style=\"color: #008a68;\">Datenerhebung \/ Pers\u00f6nliche Daten<\/span><\/strong><\/p>\n<p>Beim Besuch unserer Webseite ben\u00f6tigen wir in der Regel keine pers\u00f6nlichen Daten von Ihnen. Sie \u00fcbermitteln lediglich beim Aufruf unserer Webseite (aus technischer Notwendigkeit) \u00fcber Ihren Internetbrowser Daten an unseren Webserver.<\/p>\n<p>W\u00e4hrend der laufenden Verbindung zur Kommunikation zwischen Ihrem Internetbrowser und unserem Webserver werden folgende Daten aufgezeichnet:<\/p>\n<ul>\n<li>Verwendeter Webbrowser und verwendetes Betriebssystem<\/li>\n<li>Name des Internet Service Providers<\/li>\n<li>Angaben \u00fcber die Webseite von der aus sie uns besuchen<\/li>\n<li>Angaben \u00fcber die Webseiten, die Sie bei uns aufrufen, das Datum und Uhrzeit des Besuches<\/li>\n<li>Name der angeforderten Datei, ob Datei z.B. \u00fcbertragen wurde, \u00fcbertragene Datenmenge<\/li>\n<li>Die von Ihrem Internet Service Provider zugewiesene IP-Adresse<\/li>\n<\/ul>\n<p>Aus Gr\u00fcnden der technischen Sicherheit, insbesondere zur Abwehr von Angriffsversuchen auf unseren Webserver, werden diese Daten gem. Art. 6 Abs. 1 lit. f EU-DS-GVO von uns gespeichert. Nach sp\u00e4testens sieben Tagen werden die Daten durch Verk\u00fcrzung der IP-Adresse auf Domain-Ebene anonymisiert. Ein Bezug zum einzelnen Nutzer wird nicht hergestellt. Lediglich in anonymisierter Form werden die Daten daneben zu statistischen Zwecken verarbeitet.<br \/>\n<strong><br \/>\n<\/strong><span style=\"color: #008a68;\"><strong>Weitere Datenerhebungen \u00a0<\/strong><\/span><\/p>\n<p>Alle personenbezogenen Daten, die wir \u00fcber die Website von Ihnen erfahren, werden wir nur zu den unten n\u00e4her beschriebenen Zwecken verarbeiten. Dies geschieht im Rahmen der jeweils genannten Rechtsvorschriften bzw. nur mit Ihrer Einwilligung.<\/p>\n<p>Wann eine Datenverarbeitung erlaubt ist, gibt insbesondere Art. 6 EU-DS-GVO vor. Dieser nennt Konstellationen, wann eine Datenverarbeitung erlaubt ist.<\/p>\n<p>Dies ist z. B. der Fall, wenn<\/p>\n<ul>\n<li>eine <strong>Einwilligung <\/strong>von Ihnen vorliegt (Art. 6 Abs. 1 lit. a EU-DS-GVO),<\/li>\n<li>die Daten zur Erf\u00fcllung eines <strong>Vertrages \/ vorvertraglichen Ma\u00dfnahmen<\/strong> erforderlich sind (Art. 6 Abs. 1 lit. b EU-DS-GVO),<\/li>\n<li>die Daten zur Erf\u00fcllung einer<strong> rechtlichen Verpflichtung<\/strong> notwendig sind (Art. 6 Abs. 1 lit. c EU-DS-GVO) oder<\/li>\n<li>zur Wahrung <strong>berechtigter Interessen<\/strong> unseres Unternehmens, sofern Ihre <strong>schutzw\u00fcrdigen Interessen<\/strong> nicht \u00fcberwiegen (Art. 6 Abs. 1 lit. f EU-DS-GVO).<\/li>\n<\/ul>\n<p>Die erhobenen pers\u00f6nlichen Daten werden selbstverst\u00e4ndlich vertraulich behandelt. In unserem Unternehmen haben nur befugte Personen Zugriff auf Ihre Daten, die jeweils mit der technischen, kaufm\u00e4nnischen bzw. kundenverwaltenden Betreuung befasst sind.<\/p>\n<p>Wir werden Ihre Daten nicht an Dritte weitergegeben au\u00dfer wir sind hierzu aufgrund zwingender Rechtsvorschriften dazu verpflichtet.<\/p>\n<p><strong><span style=\"color: #008a68;\">Kontaktformular \/ Kontaktaufnahme per E-Mail (Rechtsgrundlage Art. 6 Abs. 1 lit. a, b EU-DS-GVO)<\/span><\/strong><\/p>\n<p>Auf unserer Webseite ist ein Kontaktformular vorhanden, das f\u00fcr die elektronische Kontaktaufnahme genutzt werden kann. Wenn Sie uns \u00fcber das Kontaktformular schreiben, verarbeiten wir Ihre im Rahmen des Kontaktformulars angegebenen Daten zur Kontaktaufnahme und Beantwortung Ihrer Fragen und W\u00fcnsche. Hierbei wird der Grundsatz der Datensparsamkeit und Datenvermeidung beachtet, indem Sie nur die Daten angeben m\u00fcssen, die wir zwingend zur Kontaktaufnahme von Ihnen ben\u00f6tigen. Dies sind Ihre E-Mail-Adresse sowie das Nachrichtenfeld selbst. Zudem wird aus technischer Notwendigkeit sowie zur rechtlichen Absicherung Ihre IP-Adresse verarbeitet. Alle \u00fcbrigen Daten sind freiwillige Felder und k\u00f6nnen optional (z.B. zur individuelleren Beantwortung ihrer Fragen) angegeben werden.<\/p>\n<p>Sofern Sie sich per E-Mail an uns wenden, werden wir die in der E-Mail mitgeteilten personenbezogenen Daten allein zum Zweck der Bearbeitung Ihrer Anfrage verarbeiten.<\/p>\n<p><strong><span style=\"color: #008a68;\">Webshop (Art. 6 Abs. 1 lit. b EU-DS-GVO)<\/span><\/strong><\/p>\n<p>Wir verarbeiten die von Ihnen im Rahmen des Bestellformulars angegebenen Daten nur zur Durchf\u00fchrung bzw. Abwicklung des Vertragsverh\u00e4ltnisses, sofern Sie nicht einer weiteren Verwendung zustimmen.<\/p>\n<p>Der Grundsatz der Datensparsamkeit und Datenvermeidung wird beachtet, indem Sie uns nur die Daten angeben m\u00fcssen, die wir zwingend zur Durchf\u00fchrung des Vertrages bzw. zur Erf\u00fcllung unserer vertraglicher Pflichten ben\u00f6tigen (also Ihren Namen, Adresse, E-Mail-Adresse sowie die jeweils f\u00fcr die gew\u00e4hlte Zahlungsart ben\u00f6tigten Zahlungsdaten)<\/p>\n<p>Zudem wird aus technischer Notwendigkeit sowie zur rechtlichen Absicherung Ihre IP-Adresse verarbeitet.<\/p>\n<p>Ohne diese Daten werden wir den Abschluss des Vertrages leider ablehnen m\u00fcssen, da wir diesen dann nicht durchf\u00fchren k\u00f6nnen oder einen bestehenden Vertrag ggf. beenden m\u00fcssen.<\/p>\n<p>Selbstverst\u00e4ndlich k\u00f6nnen Sie von sich aus auch noch mehr Daten angeben, wenn Sie dies m\u00f6chten.<\/p>\n<p><strong><span style=\"color: #008a68;\">Newsletter (Art. 6 Abs. 1 lit. a EU-DS-GVO)<\/span><\/strong><\/p>\n<p>Auf unserer Webseite kann ein kostenfreier Newsletter abonniert werden. Die bei der Newsletter-Anmeldung angegebene E-Mail-Adresse sowie Ihr Name werden f\u00fcr den Versand des personalisierten Newsletters verwendet. Hierbei wird der Grundsatz der Datensparsamkeit und Datenvermeidung beachtet, da als Pflichtfeld nur die E-Mail-Adresse (ggf. Name bei personalisierten Newsletter) gekennzeichnet ist. Aus technischer Notwendigkeit sowie zur rechtlichen Absicherung wird bei Bestellung des Newsletters auch Ihre IP-Adresse verarbeitet<\/p>\n<p>Sie k\u00f6nnen selbstverst\u00e4ndlich das Abonnement jederzeit \u00fcber die im Newsletter vorgesehene Abmeldem\u00f6glichkeit beenden und somit Ihre Einwilligung widerrufen.<\/p>\n<p>Ferner besteht die M\u00f6glichkeit, sich jederzeit auch direkt \u00fcber unserer Internetseite vom Newsletterversand abzumelden.<\/p>\n<p><strong><span style=\"color: #008a68;\">Werbezwecke Bestandskunden (Art. 6 Abs. 1 lit. f EU-DS-GVO)<\/span><\/strong><\/p>\n<p>Die MGV Stromversorgungen GmbH schickt Ihnen keine Werbeangebote.<\/p>\n<p><strong><span style=\"color: #008a68;\">Bezahlsysteme (Art. 6 Abs. 1 lit. a, b EU-DS-GVO), Bonit\u00e4tspr\u00fcfung (Art. 6 Abs. 1 lit. f EU-DS-GVO)<\/span><\/strong><\/p>\n<p>In unserem Online-Shop k\u00f6nnen Sie auf Rechnung und mit Kreditkartebezahlen. Hierf\u00fcr werden die jeweiligen zahlungsrelevanten Daten erhoben, um Ihre Bestellung sowie Zahlungsabwicklung durchf\u00fchren zu k\u00f6nnen. Zudem wird aus technische Notwendigkeit sowie zur rechtlichen Absicherung Ihre IP-Adresse verarbeitet.<br \/>\nDer Grundsatz der Datensparsamkeit und Datenvermeidung wird beachtet, indem Sie uns nur die Daten angeben m\u00fcssen, die wir zwingend zur Durchf\u00fchrung der Zahlungsabwicklung und damit Abwicklung des Vertrages ben\u00f6tigen und zu deren Erhebung wir gesetzlich verpflichtet sind.<\/p>\n<p>Ohne diese Daten werden wir den Abschluss des Vertrages leider ablehnen m\u00fcssen, da wir diesen dann nicht durchf\u00fchren k\u00f6nnen.<br \/>\nDas von uns eingesetzte Bezahlsystem verwendet eine SSL-Verschl\u00fcsselung zur gesch\u00fctzten \u00dcbertragung Ihrer Daten.<\/p>\n<p><strong>Hinweis zur Rechnungszahlung: <\/strong>Wenn Sie in unserem Online-Shop die Zahlungsart Vorkasse w\u00e4hlen, schicken wir Ihnen eine Vorkasse-Rechnung und nach \u00dcberweisung bekommen Sie die Ware inkl. Rechnung zugeschickt. Eine Bonit\u00e4tspr\u00fcfung wird in diesem Fall nicht durchgef\u00fchrt.<\/p>\n<p>Wir \u00fcbermitteln Ihre Daten im Fall eines kreditorischen Risikos (Name, Anschrift, Mailanschrift, Angaben zum Unternehmen und gegebenenfalls Vertrags- und Forderungsdaten) zum Zweck der Bonit\u00e4tspr\u00fcfung sowie zur Pr\u00fcfung auf Zustellbarkeit der angegebenen Anschrift und zum Zweck der Inkassobearbeitung an die IHD Gesellschaft f\u00fcr Kredit und Forderungsmanagement mbH, Augustinusstr. 11 B, 50226 Frechen, und ggf. an weitere kooperierende Wirtschaftsauskunfteien. Die Rechtsgrundlage dieser \u00dcbermittlung sind Art 6 I b DSGVO und Art 6 I f DSGVO. \u00dcbermittlungen auf der Grundlage des Art 6 I f DSGVO d\u00fcrfen nur erfolgen, soweit dies zur Wahrnehmung berechtigter Interessen unseres Unternehmens erforderlich ist und nicht die Interessen oder Grundrechte und Grundfreiheiten der betroffenen Person, die den Schutz der personenbezogenen Daten erfordern, \u00fcberwiegen.<\/p>\n<p>Zum Zweck der Entscheidung \u00fcber die Begr\u00fcndung, Durchf\u00fchrung oder Beendigung des Vertragsverh\u00e4ltnisses erheben oder verwenden wir zudem automatisiert erstellte Wahrscheinlichkeitswerte, in deren Berechnung unter anderem Anschriftendaten einflie\u00dfen k\u00f6nnen.&#8220;<\/p>\n<p>Detaillierte Informationen zu unserer Vertragspartnerin, der IHD, im Sinne des Art 14 DSGVO, also dem Gesch\u00e4ftszweck, dem Zweck der dortigen Datenspeicherung, der Rechtsgrundlage, den Datenempf\u00e4ngern der IHD, zum Selbstauskunftsrecht und dem Recht auf L\u00f6schung und Berichtigung sowie zum Profiling finden Sie unter <a href=\"http:\/\/www.ihd.de\/datenschutz\/Artikel14.html\">www.ihd.de\/datenschutz\/Artikel14.html<\/a><\/p>\n<p>Die Informationen zu deren Vertragspartnern im Bereich der Wirtschaftsauskunftei finden Sie unter: <a href=\"http:\/\/www.ihd.de\/datenschutz#vertragspartner\">www.ihd.de\/datenschutz#vertragspartner<\/a><\/p>\n<p><strong>Hinweis zur Kreditkartenzahlung:<\/strong> Wie bei Kreditkartenzahlungen \u00fcblich, wird die Angaben zur Kreditkarte \u00fcberpr\u00fcft sowie eine Bonit\u00e4tspr\u00fcfung durchgef\u00fchrt.<\/p>\n<p><strong><span style=\"color: #008a68;\">Cookies (Art. 6 Abs. 1 lit a EU-DS-GVO bei Einwilligung)<\/span> <\/strong><\/p>\n<p>Unsere Internetseiten verwenden an mehreren Stellen so genannte Cookies. Sie dienen dazu, unser Angebot nutzerfreundlicher, effektiver und sicherer zu machen. Cookies sind kleine Textdateien, die auf Ihrem Rechner abgelegt werden und die Ihr Browser (lokal auf Ihrer Festplatte) speichert.<\/p>\n<p>Mittels dieser Cookies ist uns eine Analyse dar\u00fcber m\u00f6glich, wie Nutzer unsere Websites benutzen. So k\u00f6nnen wir die Websiteinhalte den Besucherbed\u00fcrfnissen entsprechend gestalten. Zudem haben wir durch die Cookies die M\u00f6glichkeit, die Effektivit\u00e4t einer bestimmten Anzeige zu messen und ihre Platzierung beispielsweise in Abh\u00e4ngigkeit von den thematischen Nutzerinteressen erfolgen zu lassen.<\/p>\n<p>Die meisten der von uns verwendeten Cookies sind so genannte \u201eSession-Cookies\u201c. Diese werden nach Ihrem Besuch automatisch gel\u00f6scht. Permanente Cookies werden automatisch von Ihrem Computer gel\u00f6scht, wenn deren Geltungsdauer (im Regelfall sechs Monate) erreicht ist oder Sie diese vor Ablauf der Geltungsdauer selbst l\u00f6schen.<\/p>\n<p>Die meisten Web-Browser akzeptieren Cookies automatisch. Sie k\u00f6nnen die Einstellungen Ihres Browsers in der Regel aber auch \u00e4ndern, wenn Sie die Informationen lieber nicht versenden m\u00f6chten. Sie k\u00f6nnen die Angebote unserer Internetseite dann trotzdem ohne Einschr\u00e4nkungen nutzen (Ausnahme: Konfiguratoren).<\/p>\n<p>Wir setzen Cookies ein, um unser Angebot nutzerfreundlicher, effektiver und sicherer zu machen. Dar\u00fcber hinaus setzen wir Cookies ein, mittels derer uns eine Analyse dar\u00fcber m\u00f6glich ist, wie Nutzer unsere Webseiten benutzen. So k\u00f6nnen wir die Inhalte den Besucherbed\u00fcrfnissen entsprechend gestalten. Zudem haben wir durch die Cookies die M\u00f6glichkeit, die Effektivit\u00e4t einer bestimmten Anzeige zu messen und ihre Platzierung beispielsweise in Abh\u00e4ngigkeit von den thematischen Nutzerinteressen erfolgen zu lassen.<\/p>\n<p>Cookies werden auf dem Rechner des Nutzers gespeichert und von diesem an unserer Seite \u00fcbermittelt. Daher haben Sie als Nutzer auch die volle Kontrolle \u00fcber die Verwendung von Cookies. Durch eine \u00c4nderung der Einstellungen in Ihrem Internetbrowser k\u00f6nnen Sie die \u00dcbertragung von Cookies deaktivieren oder einschr\u00e4nken. Ferner k\u00f6nnen bereits gesetzte Cookies jederzeit \u00fcber einen Internetbrowser oder andere Softwareprogramme gel\u00f6scht werden. Dies ist in allen g\u00e4ngigen Internetbrowsern m\u00f6glich.<\/p>\n<p><strong>Bitte beachten Sie:<\/strong> Deaktivieren Sie die Setzung von Cookies, sind unter Umst\u00e4nden nicht alle Funktionen unserer Internetseite vollumf\u00e4nglich nutzbar.<\/p>\n<p><strong><span style=\"color: #008a68;\">Nutzerprofile \/ Webtracking-Verfahren<\/span> <\/strong><\/p>\n<p>Analyse-Programme und andere Techniken zur Auswertung Ihres Nutzungsverhaltens werden auf unserer Webseite nicht eingesetzt.<\/p>\n<p><strong><span style=\"color: #008a68;\">Social Plugins sozialer Netzwerke<\/span> <\/strong><\/p>\n<p>Social Plugins sozialerer Netzwerke werden bei uns nicht eingesetzt.<br \/>\n<strong><br \/>\n<\/strong><span style=\"color: #008a68;\"><strong>Speicherdauer bzw. Kriterien f\u00fcr die Festlegung der Dauer<\/strong><strong>\u00a0<\/strong><\/span><\/p>\n<p>Die MGV Stromversorgungen GmbH verarbeitet und speichert Ihre personenbezogenen Daten nur f\u00fcr den Zeitraum, der zur Erreichung des jeweiligen Verarbeitungszweckes erforderlich ist oder solange eine gesetzliche Aufbewahrungsfrist (insbesondere kaufm\u00e4nnische und steuerrechtliche) besteht. Nach Erreichung des Zwecks bzw. Ablauf der Aufbewahrungspflicht werden die entsprechenden Daten routinem\u00e4\u00dfig gel\u00f6scht.<\/p>\n<p><strong><span style=\"color: #008a68;\">Daten\u00fcbermittlungen &#8211; Empf\u00e4nger \/ Kategorien von Empf\u00e4ngern<\/span> <\/strong><\/p>\n<ul>\n<li>Staatliche Beh\u00f6rden und Einrichtungen (wie z. B. das Finanzamt)<\/li>\n<li>Unternehmen, welche die Bonit\u00e4tspr\u00fcfung vornehmen<\/li>\n<li>Andere Unternehmenseinheiten beim Unternehmensverbund<\/li>\n<li>Versanddienstleister, Lieferanten, Bezahldienste<\/li>\n<li>Fachabteilungen: Der Zugriff auf die personenbezogenen Daten ist nur den befugten Personen m\u00f6glich, die jeweils mit der technischen, kaufm\u00e4nnischen bzw. kundenverwaltenden Betreuung befasst sind.<\/li>\n<\/ul>\n<p><strong><span style=\"color: #008a68;\">Sichere \u00dcbertragung Ihrer Daten<\/span><\/strong><\/p>\n<p>Um die bei uns gespeicherten Daten bestm\u00f6glich gegen zuf\u00e4llige oder vors\u00e4tzliche Manipulationen, Verlust, Zerst\u00f6rung oder den Zugriff unberechtigter Personen zu sch\u00fctzen, setzen wir entsprechende technische und organisatorische Sicherheitsma\u00dfnahmen ein.<\/p>\n<p>Der Datenaustausch von und zu unserer Webseite findet jeweils verschl\u00fcsselt statt. Als \u00dcbertragungsprotokoll bieten wir f\u00fcr unseren Webauftritt HTTPS an.<\/p>\n<p>Zudem besteht nat\u00fcrlich die M\u00f6glichkeit, alternative Kommunikationswege zu nutzen (z. B. den Postweg).<\/p>\n<p><span style=\"color: #008a68;\"><strong>Onlineangebote bei Kindern<\/strong><\/span><\/p>\n<p>Kinder und Personen unter 16 Jahren d\u00fcrfen ohne Zustimmung der Erziehungsberechtigten (in der Regel der Eltern) keine personenbezogenen Daten an uns \u00fcbermitteln bzw. eine Einwilligungserkl\u00e4rung abgeben. Wir m\u00f6chten Eltern und Erziehungsberechtigte dazu auffordern, an den Online-Aktivit\u00e4ten und -Interessen ihrer Kinder aktiv teilzunehmen.<\/p>\n<p><strong><span style=\"color: #008a68;\">Links zu anderen Anbietern<\/span><\/strong><\/p>\n<p>Unsere Webseite enth\u00e4lt &#8211; deutlich erkennbar &#8211; auch Links auf die Internet-Auftritte anderer Unternehmen.<\/p>\n<p>Soweit Links zu Webseiten anderer Anbieter vorhanden sind, haben wir auf deren Inhalte keinen Einfluss. Daher kann f\u00fcr diese Inhalte auch keine Gew\u00e4hr und Haftung \u00fcbernommen werden. F\u00fcr die Inhalte dieser Seiten ist stets der jeweilige Anbieter oder Betreiber der Seiten verantwortlich. Die verlinkten Seiten wurden zum Zeitpunkt der Verlinkung auf m\u00f6gliche Rechtsverst\u00f6\u00dfe und erkennbare Rechtsverletzungen gepr\u00fcft. Rechtswidrige Inhalte waren zum Zeitpunkt der Verlinkung nicht erkennbar. Eine permanente inhaltliche Kontrolle der verlinkten Seiten ist jedoch ohne konkrete Anhaltspunkte einer Rechtsverletzung nicht zumutbar. Bei Bekanntwerden von Rechtsverletzungen werden derartige Links umgehend entfernt.<\/p>\n<p><strong><span style=\"color: #008a68;\">Betroffenenrechte \/ Weitere Fragen?<\/span><\/strong><\/p>\n<p>Sie haben unter den gesetzlichen Voraussetzungen das Recht auf unentgeltliche Auskunft Ihrer Daten sowie ein Recht auf Berichtigung, Einschr\u00e4nkung der Verarbeitung sowie L\u00f6schung Ihrer Daten, sofern keine gesetzlichen Aufbewahrungsfristen entgegenstehen. Zudem k\u00f6nnen Sie der Datenverarbeitung widersprechen, Ihr Recht auf Daten\u00fcbertragbarkeit gelten machen oder bei der zust\u00e4ndigen Aufsichtsbeh\u00f6rde f\u00fcr Datenschutz Beschwerde gegen die Datenverarbeitung einlegen.<\/p>\n<p>Sofern Sie uns eine Einwilligung f\u00fcr eine Datenverarbeitung gegeben haben, k\u00f6nnen Sie diese selbstverst\u00e4ndlich ohne Angabe von Gr\u00fcnden mit Wirkung f\u00fcr die Zukunft widerrufen.<\/p>\n<p>Bei Bedarf k\u00f6nnen Sie sich auch gerne direkt an unseren Datenschutzbeauftragten wenden, der Ihre Fragen gerne beantwortet (<a href=\"mailto:datenschutz@mgv.de\">datenschutz@mgv.de<\/a>).<\/p>\n<\/div><\/section>\n<div  class='hr av-jnegpvui-ed25bf715551f6e81073cdb81e1aeb2d hr-short  avia-builder-el-6  el_after_av_textblock  el_before_av_textblock  hr-left'><span class='hr-inner '><span class=\"hr-inner-style\"><\/span><\/span><\/div>\n\n<style type=\"text\/css\" data-created_by=\"avia_inline_auto\" id=\"style-css-av-jnegtikq-20ea269f4d9a3e29bc685a251f40cab7\">\n#top .av_textblock_section.av-jnegtikq-20ea269f4d9a3e29bc685a251f40cab7 .avia_textblock{\ncolor:#017655;\n}\n<\/style>\n<section  class='av_textblock_section av-jnegtikq-20ea269f4d9a3e29bc685a251f40cab7'  itemscope=\"itemscope\" itemtype=\"https:\/\/schema.org\/CreativeWork\" ><div class='avia_textblock av_inherit_color'  itemprop=\"text\" ><p><strong>Transparenz- und Informationspflichten f\u00fcr <\/strong><strong>Kunden, Lieferanten, Vertragspartner, Interessenten<br \/>\n<\/strong><strong>der MGV Stromversorgungen GmbH <\/strong><strong>nach der EU Datenschutz-Grundverordnung <\/strong><strong>(EU-DS-GVO)<\/strong><\/p>\n<\/div><\/section>\n<section  class='av_textblock_section av-jnegtikq-9db2f7daf6df9d2e9c0bd6205c16c434'  itemscope=\"itemscope\" itemtype=\"https:\/\/schema.org\/CreativeWork\" ><div class='avia_textblock'  itemprop=\"text\" ><p>Hier finden Sie alle Informationen als PDF-Dokument: <a href=\"https:\/\/www.mgv.de\/de\/wp-content\/uploads\/MGV_Informationspflichten_EU-DS-GVO.pdf\" target=\"_blank\" rel=\"noopener\">MGV_Informationspflichten_EU-DS-GVO.pdf<\/a><\/p>\n<\/div><\/section>\n","protected":false},"excerpt":{"rendered":"","protected":false},"author":1,"featured_media":0,"parent":0,"menu_order":0,"comment_status":"closed","ping_status":"closed","template":"","meta":[],"_links":{"self":[{"href":"https:\/\/www.mgv.de\/de\/wp-json\/wp\/v2\/pages\/431"}],"collection":[{"href":"https:\/\/www.mgv.de\/de\/wp-json\/wp\/v2\/pages"}],"about":[{"href":"https:\/\/www.mgv.de\/de\/wp-json\/wp\/v2\/types\/page"}],"author":[{"embeddable":true,"href":"https:\/\/www.mgv.de\/de\/wp-json\/wp\/v2\/users\/1"}],"replies":[{"embeddable":true,"href":"https:\/\/www.mgv.de\/de\/wp-json\/wp\/v2\/comments?post=431"}],"version-history":[{"count":18,"href":"https:\/\/www.mgv.de\/de\/wp-json\/wp\/v2\/pages\/431\/revisions"}],"predecessor-version":[{"id":1134,"href":"https:\/\/www.mgv.de\/de\/wp-json\/wp\/v2\/pages\/431\/revisions\/1134"}],"wp:attachment":[{"href":"https:\/\/www.mgv.de\/de\/wp-json\/wp\/v2\/media?parent=431"}],"curies":[{"name":"wp","href":"https:\/\/api.w.org\/{rel}","templated":true}]}}